{"id":8884,"date":"2013-04-03T16:43:29","date_gmt":"2013-04-03T14:43:29","guid":{"rendered":"https:\/\/agustinfernandezpaz.gal\/?page_id=8884"},"modified":"2018-10-22T10:47:22","modified_gmt":"2018-10-22T08:47:22","slug":"edicionesns-originales","status":"publish","type":"page","link":"https:\/\/agustinfernandezpaz.gal\/es\/edicionesns-originales\/","title":{"rendered":"Ediciones originales"},"content":{"rendered":"\n<style type=\"text\/css\" data-created_by=\"avia_inline_auto\" id=\"style-css-av-5dfmi5-121f5e6bf9287321b0587264570e7ef7\">\n.avia-section.av-5dfmi5-121f5e6bf9287321b0587264570e7ef7{\nbackground-color:#f7f7f7;\nbackground-image:unset;\n}\n<\/style>\n<div id='av_section_1'  class='avia-section av-5dfmi5-121f5e6bf9287321b0587264570e7ef7 main_color avia-section-default avia-no-border-styling  avia-builder-el-0  el_before_av_section  avia-builder-el-first  avia-bg-style-scroll container_wrap fullsize'  ><div class='container av-section-cont-open' ><main  role=\"main\" itemprop=\"mainContentOfPage\"  class='template-page content  av-content-full alpha units'><div class='post-entry post-entry-type-page post-entry-8884'><div class='entry-content-wrapper clearfix'>\n\n<style type=\"text\/css\" data-created_by=\"avia_inline_auto\" id=\"style-css-av-jkkwj340-1eaa5d6ef0085b57fc6d8843436c248e\">\n#top .av-special-heading.av-jkkwj340-1eaa5d6ef0085b57fc6d8843436c248e{\npadding-bottom:40px;\n}\nbody .av-special-heading.av-jkkwj340-1eaa5d6ef0085b57fc6d8843436c248e .av-special-heading-tag .heading-char{\nfont-size:25px;\n}\n.av-special-heading.av-jkkwj340-1eaa5d6ef0085b57fc6d8843436c248e .av-subheading{\nfont-size:15px;\n}\n<\/style>\n<div  class='av-special-heading av-jkkwj340-1eaa5d6ef0085b57fc6d8843436c248e av-special-heading-h1 blockquote modern-quote  avia-builder-el-1  el_before_av_hr  avia-builder-el-first '><h1 class='av-special-heading-tag '  itemprop=\"headline\"  >Ediciones originales<\/h1><div class=\"special-heading-border\"><div class=\"special-heading-inner-border\"><\/div><\/div><\/div>\n\n<style type=\"text\/css\" data-created_by=\"avia_inline_auto\" id=\"style-css-av-jjo9sqpl-c123849a318f9e29435efff558c62180\">\n#top .hr.hr-invisible.av-jjo9sqpl-c123849a318f9e29435efff558c62180{\nmargin-top:-40px;\nheight:1px;\n}\n<\/style>\n<div  class='hr av-jjo9sqpl-c123849a318f9e29435efff558c62180 hr-invisible  avia-builder-el-2  el_after_av_heading  avia-builder-el-last '><span class='hr-inner '><span class=\"hr-inner-style\"><\/span><\/span><\/div>\n\n<\/div><\/div><\/main><!-- close content main element --><\/div><\/div>\n<style type=\"text\/css\" data-created_by=\"avia_inline_auto\" id=\"style-css-av-5dfmi5-661ba4ef6e9babc887b34c3bea535116\">\n.avia-section.av-5dfmi5-661ba4ef6e9babc887b34c3bea535116{\nbackground-color:#ffffff;\nbackground-image:unset;\n}\n<\/style>\n<div id='av_section_2'  class='avia-section av-5dfmi5-661ba4ef6e9babc887b34c3bea535116 main_color avia-section-default avia-no-border-styling  avia-builder-el-3  el_after_av_section  avia-builder-el-last  avia-bg-style-scroll container_wrap fullsize'  ><div class='container av-section-cont-open' ><div class='template-page content  av-content-full alpha units'><div class='post-entry post-entry-type-page post-entry-8884'><div class='entry-content-wrapper clearfix'>\n\n<style type=\"text\/css\" data-created_by=\"avia_inline_auto\" id=\"style-css-av-22t07x-de7d97825d2c40690ce49353f87b7095\">\n.flex_column.av-22t07x-de7d97825d2c40690ce49353f87b7095{\nborder-radius:0px 0px 0px 0px;\npadding:30px 15px 30px 15px;\nbackground-color:#f7f7f7;\n}\n<\/style>\n<div  class='flex_column av-22t07x-de7d97825d2c40690ce49353f87b7095 av_one_third  avia-builder-el-4  el_before_av_one_third  avia-builder-el-first  first flex_column_div  '     ><style type=\"text\/css\" data-created_by=\"avia_inline_auto\" id=\"style-css-av-jjo1g5yj-f37e90a28c56eb800ea1d2a5c09e25f7\">\n.avia-image-container.av-jjo1g5yj-f37e90a28c56eb800ea1d2a5c09e25f7 img.avia_image{\nbox-shadow:none;\n}\n.avia-image-container.av-jjo1g5yj-f37e90a28c56eb800ea1d2a5c09e25f7 .av-image-caption-overlay-center{\ncolor:#ffffff;\n}\n<\/style>\n<div  class='avia-image-container av-jjo1g5yj-f37e90a28c56eb800ea1d2a5c09e25f7 av-styling- avia-align-center  avia-builder-el-5  avia-builder-el-no-sibling '   itemprop=\"image\" itemscope=\"itemscope\" itemtype=\"https:\/\/schema.org\/ImageObject\" ><div class=\"avia-image-container-inner\"><div class=\"avia-image-overlay-wrap\"><img decoding=\"async\" fetchpriority=\"high\" class='wp-image-11732 avia-img-lazy-loading-not-11732 avia_image ' src=\"https:\/\/agustinfernandezpaz.gal\/wp-content\/uploads\/2018\/07\/49-agustin-1996.jpg\" alt='' title='49-agustin-1996'  height=\"611\" width=\"290\"  itemprop=\"thumbnailUrl\" srcset=\"https:\/\/agustinfernandezpaz.gal\/wp-content\/uploads\/2018\/07\/49-agustin-1996.jpg 290w, https:\/\/agustinfernandezpaz.gal\/wp-content\/uploads\/2018\/07\/49-agustin-1996-142x300.jpg 142w, https:\/\/agustinfernandezpaz.gal\/wp-content\/uploads\/2018\/07\/49-agustin-1996-110x232.jpg 110w\" sizes=\"(max-width: 290px) 100vw, 290px\" \/><\/div><\/div><\/div><\/div>\n<style type=\"text\/css\" data-created_by=\"avia_inline_auto\" id=\"style-css-av-22t07x-b12161fec35fb43f0a9a866024e24539\">\n.flex_column.av-22t07x-b12161fec35fb43f0a9a866024e24539{\nborder-radius:0px 0px 0px 0px;\npadding:0px 0px 0px 25px;\n}\n<\/style>\n<div  class='flex_column av-22t07x-b12161fec35fb43f0a9a866024e24539 av_one_third  avia-builder-el-6  el_after_av_one_third  el_before_av_one_third  flex_column_div  '     ><section  class='av_textblock_section av-jjo16mnq-05d2d2df06a87ad5b4bb995e98b1f0f5 '   itemscope=\"itemscope\" itemtype=\"https:\/\/schema.org\/CreativeWork\" ><div class='avia_textblock'  itemprop=\"text\" ><h3>Textos narrativos<\/h3>\n<p><strong>A cidade dos desexos<\/strong>.<br \/>\nIlustraciones: Manuel Uh\u00eda. Edici\u00f3ns Xerais, 1989.<br \/>\nNueva edici\u00f3n, revisada y actualizada: Edici\u00f3ns Xerais, 2006.<br \/>\nTraducido al castellano.<\/p>\n<p><strong>As flores radioactivas<\/strong>.<br \/>\nIlustraciones: Miguelanxo Prado. Edici\u00f3ns Xerais, 1990.<br \/>\nNueva edici\u00f3n, actualizada y reescrita: Edici\u00f3ns Xerais, 2013.<br \/>\nTraducido al catal\u00e1n, eusquera, castellano y bable.<br \/>\nPremio Merl\u00edn de Literatura Infantil 1989.<\/p>\n<p><strong>Contos por palabras<\/strong>.<br \/>\nIlustraciones: Miguel Vigo. Edici\u00f3ns Xerais, 1991.<br \/>\nNueva edici\u00f3n, ampliada y revisada: Ilustraciones: Enjamio. Edici\u00f3ns Xerais, 2001.<br \/>\nTraducido al castellano, catal\u00e1n, eusquera, bable y franc\u00e9s.<br \/>\nPremio Lazarillo 1990.<br \/>\nLista de Honra do IBBY 1990-1992.<br \/>\nPremio Lecturas de G\u00e1lix 2003.<br \/>\nSeleccionado como uno de los diez libros esenciales de la\u00a0 LIJ espa\u00f1ola del siglo XX.<\/p>\n<p><strong>Lonxe do mar.<\/strong><br \/>\nIlustraciones: Fran Jaraba. Edelvives, 1991.<\/p>\n<p><strong>O tesouro do drag\u00f3n Smaug.<\/strong><br \/>\nIlustraciones: Fran Jaraba. Editorial Galaxia, 1992.<br \/>\nTraducido al castellano, catal\u00e1n, eusquera y aran\u00e9s.<\/p>\n<p><strong>As tundas do corredor<\/strong>.<br \/>\nIlustraciones: Fran Jaraba. Edelvives, 1993.<br \/>\nTraducido al castellano.<br \/>\nLista de Honor da CCEI 1995.<br \/>\nNueva edici\u00f3n, revisada y ampliada:<\/p>\n<p><strong>Fantasmas no corredor<\/strong>.<br \/>\nIlustraciones: \u00d3scar Vill\u00e1n. Edici\u00f3ns Xerais, 2005.<br \/>\nTraducido al catal\u00e1n y al castellano.<\/p>\n<p><strong>Rapazas<\/strong>.<br \/>\nIlustraciones: Miguelanxo Prado. Edici\u00f3ns Xerais, 1993.<br \/>\nNueva edici\u00f3n, ampliada y revisada: Edici\u00f3ns Xerais, 2003.<br \/>\nTraducido al castellano, eusquera, catal\u00e1n y portugu\u00e9s.<\/p>\n<p><strong>Trece anos de Branca<\/strong>.<br \/>\nIlustraciones: Manuel Uh\u00eda. Edeb\u00e9-Rodeira, 1994.<br \/>\nNueva edici\u00f3n revisada: Rodeira, 2005.<br \/>\nTraducido al castellano, catal\u00e1n y eusquera.<br \/>\nPremio Edeb\u00e9 de Literatura Juvenil 1994.<\/p>\n<p><strong>Unha l\u00faa na fiestra<\/strong>.<br \/>\nIlustraciones: Fran Jaraba. Editorial Galaxia, 1994.<\/p>\n<p><strong>Cartas de inverno<\/strong>.<br \/>\nEdici\u00f3ns Xerais, 1995.<br \/>\nNueva edici\u00f3n, ampliada y revisada: Edici\u00f3ns Xerais, 2007.<br \/>\nTraducido al catal\u00e1n, eusquera, portugu\u00e9s, castellano y bret\u00f3n.<br \/>\nPremio Ra\u00f1olas 1995 al mejorlibro editado.<br \/>\nFinalista do Premi Protagonista Jove 1998.<\/p>\n<p><strong>Amor dos quince anos, Marilyn<\/strong>.<br \/>\nIlustraciones: Andr\u00e9s Meixide. Edici\u00f3ns Xerais, 1995.<br \/>\nNueva edici\u00f3n, revisada: Edici\u00f3ns Xerais, 2001.<br \/>\nTraducido al castellano y al catal\u00e1n.<\/p>\n<p><strong>Avenida do Parque, 17<\/strong>.<br \/>\nIlustraciones: Xan L\u00f3pez Dom\u00ednguez. Edici\u00f3ns SM, 1996.<br \/>\nNueva edici\u00f3n: Ediciones SM, 2002.<br \/>\nTraducido al catal\u00e1n, castellano y \u00e1rabe.<\/p>\n<p><strong>O centro do labirinto<\/strong>.<br \/>\nEdici\u00f3ns Xerais, 1997.<br \/>\nTraducido al catal\u00e1n, castellano y portugu\u00e9s.<br \/>\nFinalista del Premio Nacional de LIJ 1998.<\/p>\n<p>Nueva edici\u00f3n, revisada: Xerais, 2015<\/p>\n<p><strong>A n\u00e9boa escura<\/strong>.<br \/>\nIlustraciones: Miguelanxo Prado. Conseller\u00eda de Educaci\u00f3n, Xunta de Galicia, 1998.<\/p>\n<p><strong>O laboratorio do Doutor Nogueira<\/strong>.<br \/>\nIlustraciones: Francisco Bueno. Edici\u00f3ns Xerais, 1998.<br \/>\nTraducido al castellano, eusquera, catal\u00e1n y portugu\u00e9s<\/p>\n<p><strong>As fadas verdes<\/strong>.<br \/>\nIlustraciones: Asun Balzola y Patricia Garrido. Ediciones SM, 1999.<br \/>\nTraducido al castellano y al catal\u00e1n.<br \/>\nPlaca de Plata de El Barco de Vapor en 2007<\/p>\n<p><strong>Cos p\u00e9s no aire<\/strong>.<br \/>\nIlustraciones: Miguelanxo Prado. Edici\u00f3ns Xerais, 1999.<br \/>\nNueva edici\u00f3n, revisada: Edici\u00f3ns Xerais, 2002.<br \/>\nTraducido al castellano, eusquera y catal\u00e1n.<br \/>\nPremio de Literatura Infantil \u201cRa\u00ed\u00f1a Lupa\u201d da Deputaci\u00f3n de A Coru\u00f1a 1998.<br \/>\nFinalista do Premio Nacional de LIJ 2000.<br \/>\nFinalista do Premi Protagonista Jove 2002.<\/p>\n<p><strong>A nube de cores<\/strong>.<br \/>\nIlustraciones: Xo\u00e1n C. Mart\u00ednez. Edici\u00f3ns Sotelo Blanco, 1999.<\/p>\n<p><strong>O so\u00f1o do merlo branco<\/strong>.<br \/>\nIlustraciones: Manuel Uh\u00eda. Editorial Everest Galicia, 2000.<br \/>\nTraducido al castellano.<\/p>\n<p><strong>Aire negro<\/strong>.<br \/>\nEdici\u00f3ns Xerais, 2000.<br \/>\nNueva edici\u00f3n revisada: Edici\u00f3ns Xerais, 2009.<br \/>\nNueva edici\u00f3n, reescrita: Edici\u00f3ns Xerais, 2012.<br \/>\nTraducido al catal\u00e1n, castellano, eusquera, b\u00falgaro e ingl\u00e9s.<br \/>\nLista de Honra do IBBY 2001.<br \/>\nThe White Ravens 2001 da Internationale Jugenbibliotehk de Munich.<br \/>\nPremi Protagonista Jove 2002.<\/p>\n<p><strong>No coraz\u00f3n do bosque<\/strong>.<br \/>\nIlustraciones: Miguelanxo Prado. Editorial Anaya, 2001.<br \/>\nNueva edici\u00f3n: Edici\u00f3ns Xerais, 2002<br \/>\nTraducido al castellano, catal\u00e1n y eusquera.<br \/>\nFinalista do Premio Nacional de Literatura 2002.<\/p>\n<p><strong>Ana e o tren m\u00e1xico<\/strong>.<br \/>\nIlustraciones: Enjamio. Caixanova, 2001.<\/p>\n<p><strong>Un tren cargado de misterios<\/strong>.<br \/>\nIlustraciones: Enjamio, Edici\u00f3ns Xerais, 2001.<br \/>\nTraducido al castellano.<br \/>\nPremio Lecturas de G\u00c1LIX 2003.<\/p>\n<p><strong>Noite de voraces sombras.<\/strong><br \/>\nEdici\u00f3ns Xerais, 2002.<br \/>\nTraducido al catal\u00e1n, castellano y eusquera.<br \/>\nFinalista do Premio Nacional de LIJ 2003.<\/p>\n<p><strong>O meu nome \u00e9 Skywalker.<\/strong><br \/>\nIlustraciones: Juan Ram\u00f3n Alonso, Ediciones SM, 2003.<br \/>\nExiste tam\u00e9n unha edici\u00f3n no C\u00edrculo de Lectores, 2005.<br \/>\nTraducido al castellano, catal\u00e1n y coreano.<br \/>\nPremio O Barco de Vapor 2003.<br \/>\nThe White Ravens 2003 de la Internationale Jugenbibliotehk de Munich.<br \/>\nPremio Lecturas de G\u00c1LIX 2005.<\/p>\n<p><strong>A serea da Illa Negra<\/strong>.<br \/>\nIlustraciones: Miguelanxo Prado. Tambre-Edelvives, 2003.<\/p>\n<p><strong>A praia da esperanza<\/strong>.<br \/>\nIlustraciones: Teresa Novoa. Edici\u00f3ns Xerais, 2003.<\/p>\n<p><strong>Tres pasos polo misterio<\/strong>.<br \/>\nEdici\u00f3ns Xerais, 2004.<br \/>\nTraducido al catal\u00e1n y castellano.<\/p>\n<p><strong>Raquel ten medo<\/strong>.<br \/>\nIlustraciones: Marina Seoane. Edici\u00f3ns Xerais, 2004.<br \/>\nTraducido al catal\u00e1n, castellano y eusquera.<\/p>\n<p><strong>Laura y os ratos<\/strong>.<br \/>\nIlustraciones: Roc\u00edo del Moral. Edici\u00f3ns Xerais, 2004.<br \/>\nTraducido al catal\u00e1n, castellano y eusquera.<\/p>\n<p><strong>A escola dos piratas<\/strong>.<br \/>\nIlustraciones: Luis Filella. Edeb\u00e9-Rodeira, 2005.<br \/>\nTraducido al castellano, catal\u00e1n, eusquera, coreano y chino.<br \/>\nPremio Edeb\u00e9 de Literatura Infantil 2005.<\/p>\n<p><strong>A fuxida do mar<\/strong>.<br \/>\nIlustraciones: Enric Solbes. Edici\u00f3ns Xerais, 2005.<br \/>\nTraducido al catal\u00e1n, castellano y eusquera.<\/p>\n<p><strong>A noite dos animais<\/strong>.<br \/>\nIlustraciones: Enjamio. Editorial Galaxia, 2005.<br \/>\nTraducido, en versi\u00f3n revisada y ampliada, al catal\u00e1n y al castellano.<\/p>\n<p><strong>\u00a1Que medo, mam\u00e1 Raquel!<\/strong><br \/>\nIlustraciones: Fran Jaraba. Edici\u00f3ns Xerais, 2005.<\/p>\n<p><strong>Un radiante silencio<\/strong>.<br \/>\nIlustraciones: Pablo Auladell. Editorial Anaya, 2005 (edici\u00f3n no venal).<br \/>\nEdici\u00f3n venal: Editorial Anaya, 2006.<\/p>\n<p><strong>Corredores de sombra.<\/strong><br \/>\nEdici\u00f3ns Xerais, 2006.<br \/>\nTraducido al castellano y catal\u00e1n.<br \/>\nPremio Frei Marti\u00f1o Sarmiento 2007.<\/p>\n<p><strong>O Raio Veloz<\/strong>.<br \/>\nIlustraciones: Andr\u00e9s Meixide. Editorial Planeta&amp;Oxford, 2006.<br \/>\nNueva edici\u00f3n: Ilustraciones: Federico Delicado. Oxford University Press, 2010.<br \/>\nTraducido al castellano.<\/p>\n<p><strong>Querido inimigo<\/strong>.<br \/>\nIlustraciones: Tesa Gonz\u00e1lez, Edeb\u00e9-Rodeira, 2006.<br \/>\nTraducido al castellano.<\/p>\n<p><strong>Os gardi\u00e1ns do bosque<\/strong>.<br \/>\nIlustraciones: Cristina Dur\u00e1n y Giner Bou. Ba\u00eda Edici\u00f3ns, 2006.<br \/>\nTraducido al catal\u00e1n, castellano y eusquera.<\/p>\n<p><strong>O \u00fanico que queda \u00e9 o amor<\/strong>.<br \/>\nIlustraciones: Pablo Auladell. Edici\u00f3ns Xerais, 2007.<br \/>\nTraducido al castellano, catal\u00e1n, portugu\u00e9s, eusquera y coreano.<br \/>\nPremio Xos\u00e9 Neira Vilas da Asociaci\u00f3n de Editores Gallegos al mejorLibro Infantil y Xuvenil de 2007<br \/>\nPremio Nacional de LIJ 2008.<br \/>\nPremio Frei Marti\u00f1o Sarmiento 2009.<br \/>\nLista de Honra do IBBY 2010.<\/p>\n<p><strong>A pastelar\u00eda de dona Remedios<\/strong>.<br \/>\nIlustraciones: Mabel Pi\u00e9rola. Edeb\u00e9-Rodeira, 2008.<br \/>\nTraducido al castellano.<\/p>\n<p><strong>\u00a1Upa!<\/strong><br \/>\nIlustraciones: Noem\u00ed Villamuza. Edici\u00f3ns Xerais, 2008.<br \/>\nTraducido al castellano, catal\u00e1n, eusquera y chino.<\/p>\n<p><strong>L\u00faa do Senegal<\/strong>.<br \/>\nIlustraciones: Marina Seoane. Edici\u00f3ns Xerais, 2009.<br \/>\nTraducido al castellano y catal\u00e1n.<br \/>\nPremio de la Asociaci\u00f3n de Escritores en Lingua Galega (AELG) a la mejor obra de LIJ 2009.<br \/>\nLista de Honra de la CCEI 2010.<\/p>\n<p><strong>A Dama da Luz<\/strong>.<br \/>\nIlustraciones: Jorge Magutis. Edici\u00f3ns Xerais, 2009.<\/p>\n<p><strong>Valados<\/strong>.<br \/>\nIlustraciones: Xan L\u00f3pez Dom\u00ednguez. Edici\u00f3ns Xerais, 2009.<br \/>\nTraducido al castellano, catal\u00e1n e italiano.<\/p>\n<p><strong>Coraz\u00f3n de pedra<\/strong>.<br \/>\nIlustraciones: Federico Delicado. Oxford, 2011.<br \/>\nTraducido al castellano.<\/p>\n<p><strong>Non hai noite tan longa<\/strong>.<br \/>\nEdici\u00f3ns Xerais, 2011.<br \/>\nTraducido al catal\u00e1n.<br \/>\nPremio Losada Di\u00e9guez (creaci\u00f3n literaria, 2012)<br \/>\nPremio Redelibros al mejor libro de ficci\u00f3n do 2011<br \/>\nPremio Fervenzas Literarias al mejor libro de narrativa do 2011<br \/>\nPremio Irmandade do Libro al mejor libro galego do ano 2011<br \/>\nPremio \u00c1nxel Casal al mejor libro de ficci\u00f3on do ano 2011.<\/p>\n<p><strong>Fantasmas de luz.\u00a0<\/strong><br \/>\nIlustraciones: Miguelanxo Prado. Edici\u00f3ns Xerais, 2011.<br \/>\nTraducido al castellano y al catal\u00e1n.<br \/>\nPremio de la AELG 2012 al mejor libro de LIJ<br \/>\nPremio de la Cr\u00edtica Galicia 2012 (Creaci\u00f3n Literaria)<\/p>\n<p><strong>As fronteiras do medo<\/strong>.<br \/>\nRodeira-Edeb\u00e9, 2012<br \/>\nTraducido al castellano<\/p>\n<p><strong>Malos tempos para os fantasmas<\/strong><br \/>\nIlustraciones: Patricia Castelao. Edici\u00f3ns Xerais, 2012.<br \/>\nTraducido al castellano y al catal\u00e1n.<\/p>\n<p><strong>O rastro que deixamos<\/strong><br \/>\nEdici\u00f3ns Xerais, 2012.<br \/>\nPremio \u00c1nxel Casal (Asociaci\u00f3n Galega de Editores) al mejor libro de no ficci\u00f3n del 2012.<br \/>\nPremio \u201cFervenzas Literarias\u201d al mejor libro de ensayo del 2012.<\/p>\n<p><strong>Zeralda e o Drag\u00f3n.\u00a0<\/strong><br \/>\nIlustraciones: Fran Jaraba. Galaxia, 2013.<\/p>\n<p><strong>Desde unha estrela distante<\/strong><br \/>\nIlustraciones: David Pintor. Edici\u00f3ns Xerais, 2013.<br \/>\nTraducido al castellano.<\/p>\n<p><strong>A viaxe de Gagarin<\/strong>. Edici\u00f3ns Xerais, 2014.<br \/>\nPremio \u201cFervenzas Literarias\u201d al mejor libro de narrativa de 2014.<br \/>\nPremio \u00ab\u00c1nxel Casal\u00bb (Asociaci\u00f3n Galega de Editores) al mejor libro de ficci\u00f3n de 2014.<\/p>\n<p><strong>Amizades secretas<\/strong>. Rodeira-Edeb\u00e9, 2015<br \/>\nTraducido al castellano.<\/p>\n<p><strong>A neve interminable<\/strong><br \/>\nPortada: Daniel Puente Bello (DNL). Edici\u00f3ns Xerais, 2015<br \/>\nTraducido al castellano,\u00a0 eusquera y catal\u00e1n.<\/p>\n<p><strong>A casa do medo<\/strong><br \/>\nEdeb\u00e9-Rodeira, 2016.<br \/>\nTraducido al castelllano.<\/p>\n<p><strong>O so\u00f1o do Merlo Branco<\/strong><br \/>\nIlustraciones: Luc\u00eda Cobo. Edici\u00f3ns Xerais, 2016.<br \/>\nTraducido al catal\u00e1n.<\/p>\n<\/div><\/section><\/div>\n<style type=\"text\/css\" data-created_by=\"avia_inline_auto\" id=\"style-css-av-22t07x-b12161fec35fb43f0a9a866024e24539\">\n.flex_column.av-22t07x-b12161fec35fb43f0a9a866024e24539{\nborder-radius:0px 0px 0px 0px;\npadding:0px 0px 0px 25px;\n}\n<\/style>\n<div  class='flex_column av-22t07x-b12161fec35fb43f0a9a866024e24539 av_one_third  avia-builder-el-8  el_after_av_one_third  avia-builder-el-last  flex_column_div  '     ><section  class='av_textblock_section av-jjo16mnq-05d2d2df06a87ad5b4bb995e98b1f0f5 '   itemscope=\"itemscope\" itemtype=\"https:\/\/schema.org\/CreativeWork\" ><div class='avia_textblock'  itemprop=\"text\" ><h3>Textos te\u00f3ricos<\/h3>\n<p><strong>Para lermos c\u00f3mics<\/strong>.<br \/>\nConseller\u00eda de Cultura, Xunta de Galicia, 1989.<br \/>\nTraducido al bable.<\/p>\n<p><strong>28 libros da literatura infantil y xuvenil galega.<\/strong><br \/>\nConseller\u00eda de Cultura, Xunta de Galicia, 1989.<\/p>\n<p><strong>Os libros infant\u00eds galegos<\/strong>.<br \/>\nConseller\u00eda de Cultura, Xunta de Galicia, 1989.<\/p>\n<p><strong>Ler en galego (1): Estratexias e libros para a animaci\u00f3n \u00e1 lectura dende as aulas.<\/strong><br \/>\nEditorial Ir Indo, 1990.<\/p>\n<p><strong>Facermos c\u00f3mics<\/strong> (Unidade Did\u00e1ctica).<br \/>\nEdici\u00f3ns Xerais, 1991.<\/p>\n<p><strong>Animaci\u00f3n \u00e1 lectura<\/strong> (Unidade Did\u00e1ctica, escrita en colaboraci\u00f3n).<br \/>\nEdici\u00f3ns Xerais, 1991.<\/p>\n<p><strong>Os c\u00f3mics nas aulas<\/strong>.<br \/>\nEdici\u00f3ns Xerais, 1992.<\/p>\n<p><strong>A lingua galega no proxecto educativo y no proxecto curricular<\/strong>.<br \/>\nConseller\u00eda de Educaci\u00f3n, Xunta de Galicia, 1993.<\/p>\n<p><strong>A maxia das palabras<\/strong>.<br \/>\nConseller\u00eda de Educaci\u00f3n, Xunta de Galicia, 1998.<\/p>\n<p><strong>A literatura infantil y xuvenil en galego<\/strong>.<br \/>\nEdici\u00f3ns Xerais, 1999.<\/p>\n<p><strong>Proceso de normalizaci\u00f3n do idioma galego. 1980-2000.<\/strong> Volume 2: <strong>EDUCACI\u00d3N<\/strong><br \/>\n(coautor, con Xan M. Bouzada y Anxo M. Lorenzo Su\u00e1rez). Consello da Cultura Galega, 2003<\/p>\n<p><strong>A planificaci\u00f3n ling\u00fc\u00edstica nos centros educativos\u00a0<\/strong><br \/>\n(coautor, con Anxo M. Lorenzo Su\u00e1rez y Fernando Ramallo). Secretar\u00eda Xeral de Pol\u00edtica Ling\u00fc\u00edstica \u2013 Conseller\u00eda de Educaci\u00f3n, 2007.<\/p>\n<p><strong>Gu\u00eda pr\u00e1ctica para a planificaci\u00f3n ling\u00fc\u00edstica nos centros educativos\u00a0<\/strong><br \/>\n(coautor, con Anxo M. Lorenzo Su\u00e1rez y Fernando Ramallo). Secretar\u00eda Xeral de Pol\u00edtica Ling\u00fc\u00edstica \u2013 Conseller\u00eda de Educaci\u00f3n, 2007.<\/p>\n<p><strong>Un mundo de palabras<\/strong><br \/>\nEdici\u00f3ns Xerais, 2017.<\/p>\n<\/div><\/section><\/div>\n","protected":false},"excerpt":{"rendered":"","protected":false},"author":1,"featured_media":0,"parent":0,"menu_order":0,"comment_status":"closed","ping_status":"closed","template":"","meta":{"footnotes":""},"class_list":["post-8884","page","type-page","status-publish","hentry"],"_links":{"self":[{"href":"https:\/\/agustinfernandezpaz.gal\/es\/wp-json\/wp\/v2\/pages\/8884","targetHints":{"allow":["GET"]}}],"collection":[{"href":"https:\/\/agustinfernandezpaz.gal\/es\/wp-json\/wp\/v2\/pages"}],"about":[{"href":"https:\/\/agustinfernandezpaz.gal\/es\/wp-json\/wp\/v2\/types\/page"}],"author":[{"embeddable":true,"href":"https:\/\/agustinfernandezpaz.gal\/es\/wp-json\/wp\/v2\/users\/1"}],"replies":[{"embeddable":true,"href":"https:\/\/agustinfernandezpaz.gal\/es\/wp-json\/wp\/v2\/comments?post=8884"}],"version-history":[{"count":2,"href":"https:\/\/agustinfernandezpaz.gal\/es\/wp-json\/wp\/v2\/pages\/8884\/revisions"}],"predecessor-version":[{"id":18930,"href":"https:\/\/agustinfernandezpaz.gal\/es\/wp-json\/wp\/v2\/pages\/8884\/revisions\/18930"}],"wp:attachment":[{"href":"https:\/\/agustinfernandezpaz.gal\/es\/wp-json\/wp\/v2\/media?parent=8884"}],"curies":[{"name":"wp","href":"https:\/\/api.w.org\/{rel}","templated":true}]}}