{"id":5855,"date":"2012-09-17T12:51:42","date_gmt":"2012-09-17T10:51:42","guid":{"rendered":"https:\/\/agustinfernandezpaz.gal\/lembrome-2\/"},"modified":"2018-07-27T14:32:07","modified_gmt":"2018-07-27T12:32:07","slug":"lembrome","status":"publish","type":"page","link":"https:\/\/agustinfernandezpaz.gal\/es\/lembrome\/","title":{"rendered":"Me acuerdo&#8230;"},"content":{"rendered":"\n<style type=\"text\/css\" data-created_by=\"avia_inline_auto\" id=\"style-css-av-5dfmi5-121f5e6bf9287321b0587264570e7ef7\">\n.avia-section.av-5dfmi5-121f5e6bf9287321b0587264570e7ef7{\nbackground-color:#f7f7f7;\nbackground-image:unset;\n}\n<\/style>\n<div id='av_section_1'  class='avia-section av-5dfmi5-121f5e6bf9287321b0587264570e7ef7 main_color avia-section-default avia-no-border-styling  avia-builder-el-0  el_before_av_section  avia-builder-el-first  avia-bg-style-scroll container_wrap fullsize'  ><div class='container av-section-cont-open' ><main  role=\"main\" itemprop=\"mainContentOfPage\"  class='template-page content  av-content-full alpha units'><div class='post-entry post-entry-type-page post-entry-5855'><div class='entry-content-wrapper clearfix'>\n\n<style type=\"text\/css\" data-created_by=\"avia_inline_auto\" id=\"style-css-av-jk3yuxkj-ba25a6e30e11b1c4e293de4718137430\">\n#top .av-special-heading.av-jk3yuxkj-ba25a6e30e11b1c4e293de4718137430{\npadding-bottom:40px;\n}\nbody .av-special-heading.av-jk3yuxkj-ba25a6e30e11b1c4e293de4718137430 .av-special-heading-tag .heading-char{\nfont-size:25px;\n}\n.av-special-heading.av-jk3yuxkj-ba25a6e30e11b1c4e293de4718137430 .av-subheading{\nfont-size:15px;\n}\n<\/style>\n<div  class='av-special-heading av-jk3yuxkj-ba25a6e30e11b1c4e293de4718137430 av-special-heading-h1 blockquote modern-quote  avia-builder-el-1  el_before_av_hr  avia-builder-el-first '><h1 class='av-special-heading-tag '  itemprop=\"headline\"  >Me acuerdo&#8230;<\/h1><div class=\"special-heading-border\"><div class=\"special-heading-inner-border\"><\/div><\/div><\/div>\n\n<style type=\"text\/css\" data-created_by=\"avia_inline_auto\" id=\"style-css-av-jjo9sqpl-c123849a318f9e29435efff558c62180\">\n#top .hr.hr-invisible.av-jjo9sqpl-c123849a318f9e29435efff558c62180{\nmargin-top:-40px;\nheight:1px;\n}\n<\/style>\n<div  class='hr av-jjo9sqpl-c123849a318f9e29435efff558c62180 hr-invisible  avia-builder-el-2  el_after_av_heading  avia-builder-el-last '><span class='hr-inner '><span class=\"hr-inner-style\"><\/span><\/span><\/div>\n<\/div><\/div><\/main><!-- close content main element --><\/div><\/div><div id='av_section_2'  class='avia-section av-2u8vjp-f133aeb61ca5b3ca775f21d8e12beb64 main_color avia-section-default avia-no-border-styling  avia-builder-el-3  el_after_av_section  avia-builder-el-last  avia-bg-style-scroll container_wrap fullsize'  ><div class='container av-section-cont-open' ><div class='template-page content  av-content-full alpha units'><div class='post-entry post-entry-type-page post-entry-5855'><div class='entry-content-wrapper clearfix'>\n\n<style type=\"text\/css\" data-created_by=\"avia_inline_auto\" id=\"style-css-av-civaq-78bdbe1692242927a37160086d1ad627\">\n.flex_column.av-civaq-78bdbe1692242927a37160086d1ad627{\nborder-radius:0px 0px 0px 0px;\npadding:0px 0px 0px 0px;\n}\n<\/style>\n<div  class='flex_column av-civaq-78bdbe1692242927a37160086d1ad627 av_one_third  avia-builder-el-4  el_before_av_two_third  avia-builder-el-first  first flex_column_div av-zero-column-padding  '     ><style type=\"text\/css\" data-created_by=\"avia_inline_auto\" id=\"style-css-av-jk3y4crj-c4e9700d5629b59d319705056da97be9\">\n#top .avia-gallery.av-jk3y4crj-c4e9700d5629b59d319705056da97be9 .avia-gallery-thumb a{\nwidth:100%;\n}\n<\/style>\n<div  class='avia-gallery av-jk3y4crj-c4e9700d5629b59d319705056da97be9 avia_animate_when_visible  avia-builder-el-5  avia-builder-el-no-sibling  deactivate_avia_lazyload avia-gallery-animate avia-gallery-1'  itemprop=\"image\" itemscope=\"itemscope\" itemtype=\"https:\/\/schema.org\/ImageObject\" ><meta itemprop=\"contentURL\" content=\"https:\/\/agustinfernandezpaz.gal\/es\/lembrome\/\"><div class='avia-gallery-thumb'><a href=\"https:\/\/agustinfernandezpaz.gal\/wp-content\/uploads\/2012\/09\/lembrome1.jpg\" data-srcset=\"https:\/\/agustinfernandezpaz.gal\/wp-content\/uploads\/2012\/09\/lembrome1.jpg 900w, https:\/\/agustinfernandezpaz.gal\/wp-content\/uploads\/2012\/09\/lembrome1-300x209.jpg 300w, https:\/\/agustinfernandezpaz.gal\/wp-content\/uploads\/2012\/09\/lembrome1-530x369.jpg 530w, https:\/\/agustinfernandezpaz.gal\/wp-content\/uploads\/2012\/09\/lembrome1-110x76.jpg 110w\" data-sizes=\"(max-width: 900px) 100vw, 900px\" data-rel='gallery-1' data-prev-img='https:\/\/agustinfernandezpaz.gal\/wp-content\/uploads\/2012\/09\/lembrome1.jpg' class='first_thumb lightbox ' data-onclick='1' title='A Orquesta Mato en 1957. O m\u00fasico con lentes \u00e9 o pai de AFP.'  itemprop=\"thumbnailUrl\"  ><img decoding=\"async\" fetchpriority=\"high\" class=\"wp-image-12804 avia-img-lazy-loading-not-12804\"   src=\"https:\/\/agustinfernandezpaz.gal\/wp-content\/uploads\/2012\/09\/lembrome1.jpg\" width=\"495\" height=\"345\"  title='A Orquesta Mato en 1957. O m\u00fasico con lentes \u00e9 o pai de AFP.' alt='' srcset=\"https:\/\/agustinfernandezpaz.gal\/wp-content\/uploads\/2012\/09\/lembrome1.jpg 900w, https:\/\/agustinfernandezpaz.gal\/wp-content\/uploads\/2012\/09\/lembrome1-300x209.jpg 300w, https:\/\/agustinfernandezpaz.gal\/wp-content\/uploads\/2012\/09\/lembrome1-530x369.jpg 530w, https:\/\/agustinfernandezpaz.gal\/wp-content\/uploads\/2012\/09\/lembrome1-110x76.jpg 110w\" sizes=\"(max-width: 495px) 100vw, 495px\" \/><div class='big-prev-fake'><img decoding=\"async\" loading=\"lazy\" class=\"wp-image-12804 avia-img-lazy-loading-12804\"  width=\"495\" height=\"345\" src=\"https:\/\/agustinfernandezpaz.gal\/wp-content\/uploads\/2012\/09\/lembrome1.jpg\" title='A Orquesta Mato en 1957. O m\u00fasico con lentes \u00e9 o pai de AFP.' alt='' srcset=\"https:\/\/agustinfernandezpaz.gal\/wp-content\/uploads\/2012\/09\/lembrome1.jpg 900w, https:\/\/agustinfernandezpaz.gal\/wp-content\/uploads\/2012\/09\/lembrome1-300x209.jpg 300w, https:\/\/agustinfernandezpaz.gal\/wp-content\/uploads\/2012\/09\/lembrome1-530x369.jpg 530w, https:\/\/agustinfernandezpaz.gal\/wp-content\/uploads\/2012\/09\/lembrome1-110x76.jpg 110w\" sizes=\"auto, (max-width: 495px) 100vw, 495px\" \/><\/div><\/a><a href=\"https:\/\/agustinfernandezpaz.gal\/wp-content\/uploads\/2012\/09\/lembrome2.jpg\" data-srcset=\"https:\/\/agustinfernandezpaz.gal\/wp-content\/uploads\/2012\/09\/lembrome2.jpg 900w, https:\/\/agustinfernandezpaz.gal\/wp-content\/uploads\/2012\/09\/lembrome2-300x201.jpg 300w, https:\/\/agustinfernandezpaz.gal\/wp-content\/uploads\/2012\/09\/lembrome2-530x355.jpg 530w, https:\/\/agustinfernandezpaz.gal\/wp-content\/uploads\/2012\/09\/lembrome2-110x73.jpg 110w\" data-sizes=\"(max-width: 900px) 100vw, 900px\" data-rel='gallery-1' data-prev-img='https:\/\/agustinfernandezpaz.gal\/wp-content\/uploads\/2012\/09\/lembrome2.jpg' class='first_thumb lightbox ' data-onclick='2' title='Ao fondo, o barrio d\u2019As Fonti\u00f1as, visto desde a estrada de Lugo.'  itemprop=\"thumbnailUrl\"  ><img decoding=\"async\" fetchpriority=\"high\" class=\"wp-image-12808 avia-img-lazy-loading-not-12808\"   src=\"https:\/\/agustinfernandezpaz.gal\/wp-content\/uploads\/2012\/09\/lembrome2.jpg\" width=\"495\" height=\"332\"  title='Ao fondo, o barrio d\u2019As Fonti\u00f1as, visto desde a estrada de Lugo.' alt='' srcset=\"https:\/\/agustinfernandezpaz.gal\/wp-content\/uploads\/2012\/09\/lembrome2.jpg 900w, https:\/\/agustinfernandezpaz.gal\/wp-content\/uploads\/2012\/09\/lembrome2-300x201.jpg 300w, https:\/\/agustinfernandezpaz.gal\/wp-content\/uploads\/2012\/09\/lembrome2-530x355.jpg 530w, https:\/\/agustinfernandezpaz.gal\/wp-content\/uploads\/2012\/09\/lembrome2-110x73.jpg 110w\" sizes=\"(max-width: 495px) 100vw, 495px\" \/><div class='big-prev-fake'><img decoding=\"async\" loading=\"lazy\" class=\"wp-image-12808 avia-img-lazy-loading-12808\"  width=\"495\" height=\"332\" src=\"https:\/\/agustinfernandezpaz.gal\/wp-content\/uploads\/2012\/09\/lembrome2.jpg\" title='Ao fondo, o barrio d\u2019As Fonti\u00f1as, visto desde a estrada de Lugo.' alt='' srcset=\"https:\/\/agustinfernandezpaz.gal\/wp-content\/uploads\/2012\/09\/lembrome2.jpg 900w, https:\/\/agustinfernandezpaz.gal\/wp-content\/uploads\/2012\/09\/lembrome2-300x201.jpg 300w, https:\/\/agustinfernandezpaz.gal\/wp-content\/uploads\/2012\/09\/lembrome2-530x355.jpg 530w, https:\/\/agustinfernandezpaz.gal\/wp-content\/uploads\/2012\/09\/lembrome2-110x73.jpg 110w\" sizes=\"auto, (max-width: 495px) 100vw, 495px\" \/><\/div><\/a><a href=\"https:\/\/agustinfernandezpaz.gal\/wp-content\/uploads\/2012\/09\/lembrome3.jpg\" data-srcset=\"https:\/\/agustinfernandezpaz.gal\/wp-content\/uploads\/2012\/09\/lembrome3.jpg 900w, https:\/\/agustinfernandezpaz.gal\/wp-content\/uploads\/2012\/09\/lembrome3-300x201.jpg 300w, https:\/\/agustinfernandezpaz.gal\/wp-content\/uploads\/2012\/09\/lembrome3-530x355.jpg 530w, https:\/\/agustinfernandezpaz.gal\/wp-content\/uploads\/2012\/09\/lembrome3-110x73.jpg 110w\" data-sizes=\"(max-width: 900px) 100vw, 900px\" data-rel='gallery-1' data-prev-img='https:\/\/agustinfernandezpaz.gal\/wp-content\/uploads\/2012\/09\/lembrome3.jpg' class='first_thumb lightbox ' data-onclick='3' title='Vista a\u00e9rea da Universidade Laboral de Xix\u00f3n.'  itemprop=\"thumbnailUrl\"  ><img decoding=\"async\" fetchpriority=\"high\" class=\"wp-image-12810 avia-img-lazy-loading-not-12810\"   src=\"https:\/\/agustinfernandezpaz.gal\/wp-content\/uploads\/2012\/09\/lembrome3.jpg\" width=\"495\" height=\"332\"  title='Vista a\u00e9rea da Universidade Laboral de Xix\u00f3n.' alt='' srcset=\"https:\/\/agustinfernandezpaz.gal\/wp-content\/uploads\/2012\/09\/lembrome3.jpg 900w, https:\/\/agustinfernandezpaz.gal\/wp-content\/uploads\/2012\/09\/lembrome3-300x201.jpg 300w, https:\/\/agustinfernandezpaz.gal\/wp-content\/uploads\/2012\/09\/lembrome3-530x355.jpg 530w, https:\/\/agustinfernandezpaz.gal\/wp-content\/uploads\/2012\/09\/lembrome3-110x73.jpg 110w\" sizes=\"(max-width: 495px) 100vw, 495px\" \/><div class='big-prev-fake'><img decoding=\"async\" loading=\"lazy\" class=\"wp-image-12810 avia-img-lazy-loading-12810\"  width=\"495\" height=\"332\" src=\"https:\/\/agustinfernandezpaz.gal\/wp-content\/uploads\/2012\/09\/lembrome3.jpg\" title='Vista a\u00e9rea da Universidade Laboral de Xix\u00f3n.' alt='' srcset=\"https:\/\/agustinfernandezpaz.gal\/wp-content\/uploads\/2012\/09\/lembrome3.jpg 900w, https:\/\/agustinfernandezpaz.gal\/wp-content\/uploads\/2012\/09\/lembrome3-300x201.jpg 300w, https:\/\/agustinfernandezpaz.gal\/wp-content\/uploads\/2012\/09\/lembrome3-530x355.jpg 530w, https:\/\/agustinfernandezpaz.gal\/wp-content\/uploads\/2012\/09\/lembrome3-110x73.jpg 110w\" sizes=\"auto, (max-width: 495px) 100vw, 495px\" \/><\/div><\/a><a href=\"https:\/\/agustinfernandezpaz.gal\/wp-content\/uploads\/2012\/09\/lembrome4.jpg\" data-srcset=\"https:\/\/agustinfernandezpaz.gal\/wp-content\/uploads\/2012\/09\/lembrome4.jpg 900w, https:\/\/agustinfernandezpaz.gal\/wp-content\/uploads\/2012\/09\/lembrome4-300x200.jpg 300w, https:\/\/agustinfernandezpaz.gal\/wp-content\/uploads\/2012\/09\/lembrome4-530x353.jpg 530w, https:\/\/agustinfernandezpaz.gal\/wp-content\/uploads\/2012\/09\/lembrome4-110x73.jpg 110w\" data-sizes=\"(max-width: 900px) 100vw, 900px\" data-rel='gallery-1' data-prev-img='https:\/\/agustinfernandezpaz.gal\/wp-content\/uploads\/2012\/09\/lembrome4.jpg' class='first_thumb lightbox ' data-onclick='4' title='A Pravia, \u00e1rbore tot\u00e9mica de Vilalba, nos anos corenta.'  itemprop=\"thumbnailUrl\"  ><img decoding=\"async\" fetchpriority=\"high\" class=\"wp-image-12802 avia-img-lazy-loading-not-12802\"   src=\"https:\/\/agustinfernandezpaz.gal\/wp-content\/uploads\/2012\/09\/lembrome4.jpg\" width=\"495\" height=\"330\"  title='A Pravia, \u00e1rbore tot\u00e9mica de Vilalba, nos anos corenta.' alt='' srcset=\"https:\/\/agustinfernandezpaz.gal\/wp-content\/uploads\/2012\/09\/lembrome4.jpg 900w, https:\/\/agustinfernandezpaz.gal\/wp-content\/uploads\/2012\/09\/lembrome4-300x200.jpg 300w, https:\/\/agustinfernandezpaz.gal\/wp-content\/uploads\/2012\/09\/lembrome4-530x353.jpg 530w, https:\/\/agustinfernandezpaz.gal\/wp-content\/uploads\/2012\/09\/lembrome4-110x73.jpg 110w\" sizes=\"(max-width: 495px) 100vw, 495px\" \/><div class='big-prev-fake'><img decoding=\"async\" loading=\"lazy\" class=\"wp-image-12802 avia-img-lazy-loading-12802\"  width=\"495\" height=\"330\" src=\"https:\/\/agustinfernandezpaz.gal\/wp-content\/uploads\/2012\/09\/lembrome4.jpg\" title='A Pravia, \u00e1rbore tot\u00e9mica de Vilalba, nos anos corenta.' alt='' srcset=\"https:\/\/agustinfernandezpaz.gal\/wp-content\/uploads\/2012\/09\/lembrome4.jpg 900w, https:\/\/agustinfernandezpaz.gal\/wp-content\/uploads\/2012\/09\/lembrome4-300x200.jpg 300w, https:\/\/agustinfernandezpaz.gal\/wp-content\/uploads\/2012\/09\/lembrome4-530x353.jpg 530w, https:\/\/agustinfernandezpaz.gal\/wp-content\/uploads\/2012\/09\/lembrome4-110x73.jpg 110w\" sizes=\"auto, (max-width: 495px) 100vw, 495px\" \/><\/div><\/a><a href=\"https:\/\/agustinfernandezpaz.gal\/wp-content\/uploads\/2012\/09\/lembrome5.jpg\" data-srcset=\"https:\/\/agustinfernandezpaz.gal\/wp-content\/uploads\/2012\/09\/lembrome5.jpg 900w, https:\/\/agustinfernandezpaz.gal\/wp-content\/uploads\/2012\/09\/lembrome5-300x202.jpg 300w, https:\/\/agustinfernandezpaz.gal\/wp-content\/uploads\/2012\/09\/lembrome5-530x356.jpg 530w, https:\/\/agustinfernandezpaz.gal\/wp-content\/uploads\/2012\/09\/lembrome5-110x74.jpg 110w\" data-sizes=\"(max-width: 900px) 100vw, 900px\" data-rel='gallery-1' data-prev-img='https:\/\/agustinfernandezpaz.gal\/wp-content\/uploads\/2012\/09\/lembrome5.jpg' class='first_thumb lightbox ' data-onclick='5' title='A antiga alameda de Vilalba, hoxe desaparecida.'  itemprop=\"thumbnailUrl\"  ><img decoding=\"async\" fetchpriority=\"high\" class=\"wp-image-12806 avia-img-lazy-loading-not-12806\"   src=\"https:\/\/agustinfernandezpaz.gal\/wp-content\/uploads\/2012\/09\/lembrome5.jpg\" width=\"495\" height=\"333\"  title='A antiga alameda de Vilalba, hoxe desaparecida.' alt='' srcset=\"https:\/\/agustinfernandezpaz.gal\/wp-content\/uploads\/2012\/09\/lembrome5.jpg 900w, https:\/\/agustinfernandezpaz.gal\/wp-content\/uploads\/2012\/09\/lembrome5-300x202.jpg 300w, https:\/\/agustinfernandezpaz.gal\/wp-content\/uploads\/2012\/09\/lembrome5-530x356.jpg 530w, https:\/\/agustinfernandezpaz.gal\/wp-content\/uploads\/2012\/09\/lembrome5-110x74.jpg 110w\" sizes=\"(max-width: 495px) 100vw, 495px\" \/><div class='big-prev-fake'><img decoding=\"async\" loading=\"lazy\" class=\"wp-image-12806 avia-img-lazy-loading-12806\"  width=\"495\" height=\"333\" src=\"https:\/\/agustinfernandezpaz.gal\/wp-content\/uploads\/2012\/09\/lembrome5.jpg\" title='A antiga alameda de Vilalba, hoxe desaparecida.' alt='' srcset=\"https:\/\/agustinfernandezpaz.gal\/wp-content\/uploads\/2012\/09\/lembrome5.jpg 900w, https:\/\/agustinfernandezpaz.gal\/wp-content\/uploads\/2012\/09\/lembrome5-300x202.jpg 300w, https:\/\/agustinfernandezpaz.gal\/wp-content\/uploads\/2012\/09\/lembrome5-530x356.jpg 530w, https:\/\/agustinfernandezpaz.gal\/wp-content\/uploads\/2012\/09\/lembrome5-110x74.jpg 110w\" sizes=\"auto, (max-width: 495px) 100vw, 495px\" \/><\/div><\/a><\/div><\/div><\/div>\n<style type=\"text\/css\" data-created_by=\"avia_inline_auto\" id=\"style-css-av-24ym3m-47ccf7fb8dc262f741aec7baca0bcad2\">\n.flex_column.av-24ym3m-47ccf7fb8dc262f741aec7baca0bcad2{\nborder-radius:0px 0px 0px 0px;\npadding:0px 0px 0px 0px;\n}\n<\/style>\n<div  class='flex_column av-24ym3m-47ccf7fb8dc262f741aec7baca0bcad2 av_two_third  avia-builder-el-6  el_after_av_one_third  avia-builder-el-last  flex_column_div av-zero-column-padding  '     ><section  class='av_textblock_section av-jk3xuxev-fa12514e50c5df504a3ff82cdcec1d0c '   itemscope=\"itemscope\" itemtype=\"https:\/\/schema.org\/CreativeWork\" ><div class='avia_textblock'  itemprop=\"text\" ><p><strong>Me acuerdo<\/strong> de As Fonti\u00f1as, el barrio de Vilalba donde nac\u00ed, en la primavera de 1947, y donde transcurri\u00f3 toda mi infancia.<\/p>\n<p><strong>Me acuerdo<\/strong> de mi padre, que era m\u00fasico y carpintero, y que un d\u00eda, cuando yo ten\u00eda ocho a\u00f1os, me llev\u00f3 a ver el mar de Foz.<\/p>\n<p><strong>Me acuerdo<\/strong> de mi madre, que todas las semanas amasaba el pan en casa y despu\u00e9s lo llevaba a cocer al horno de Rosa.<\/p>\n<p><strong>Me acuerdo<\/strong> de mi abuelo, que ten\u00eda una peque\u00f1a plantaci\u00f3n de tabaco en la huerta de nuestra casa. En la tardes de invierno, \u00e9l mismo picaba, con una navaja y con paciencia infinita, aquellas grandes hojas secas.<\/p>\n<p><strong>Me acuerdo<\/strong> de los tebeos que mis hermanos y yo le\u00edamos una y otra vez, en una \u00e9poca en que la palabra televisi\u00f3n a\u00fan nos era totalmente desconocida.<\/p>\n<p><strong>Me acuerdo<\/strong> de los seriales que escuch\u00e1bamos en la radio, sobre todo de los que eran mis preferidos: Superman y Una princesa de Marte.<\/p>\n<p><strong>Me acuerdo<\/strong> de la hoguera que hac\u00edamos en mi barrio en la noche de San Juan, y de como desde el balc\u00f3n de mi casa se ve\u00edan otras hogueras distantes.<\/p>\n<p><strong>Me acuerdo<\/strong> de la estanter\u00eda donde mi padre guardaba sus libros, entre los que hab\u00eda t\u00edtulos inolvidables como La isla misteriosa, El escarabajo de oro o Los tigres de la Malasia.<\/p>\n<p><strong>Me acuerdo<\/strong> del olor a manzana madura que hab\u00eda en los armarios y en los chineros de mi casa, por obra y gracia de las manzanas que mi madre colocaba en su interior.<\/p>\n<p><strong>Me acuerdo<\/strong> de las fiestas de San Ram\u00f3n, cuando la casa ol\u00eda a rosquillas y a los ni\u00f1os nos daban dinero para montar en las atracciones y comprar nubes de az\u00facar.<\/p>\n<p><strong>Me acuerdo<\/strong> de la se\u00f1ora Generosa, que por las noches nos contaba cuentos de cr\u00edmenes y de aparecidos. Despu\u00e9s, subir las escaleras para irse a acostar era un trayecto duro y dif\u00edcil.<\/p>\n<p><strong>Me acuerdo<\/strong> del se\u00f1or Crende, un encuadernador que le prestaba libros a mi padre y que a m\u00ed me regalaba onzas de chocolate negro.<\/p>\n<p><strong>Me acuerdo<\/strong> de mis siete a\u00f1os de internado en la Universidad Laboral de Gij\u00f3n y de las tardes de invierno que pas\u00e1bamos estudiando en nuestras habitaciones, mientras fuera llov\u00eda y llov\u00eda.<\/p>\n<p><strong>Me acuerdo<\/strong> del 21 de julio de 1969, cuando Neil Armstrong puso sus pies sobre la superficie de la Luna y mi padre se qued\u00f3 despierto toda la noche para ver aquel momento hist\u00f3rico en la televisi\u00f3n.<\/p>\n<p><strong>Me acuerdo<\/strong> de una tarde de s\u00e1bado de 1970, cuando, en el cine Alexis de Barcelona, vi Jules et Jim de Fran\u00e7ois Truffaut, una pel\u00edcula que dej\u00f3 en m\u00ed huellas indelebles.<\/p>\n<p><strong>Me acuerdo<\/strong> del primero de mayo de 1977, cuando mi mujer y yo participamos en Bilbao, con la ilusi\u00f3n reci\u00e9n estrenada, en la manifestaci\u00f3n m\u00e1s grande que nunca en mi vida hab\u00eda visto.<\/p>\n<p><strong>Me acuerdo<\/strong> del cicl\u00f3n \u201cHortensia\u201d, que atraves\u00f3 Galicia en el a\u00f1o 1984 y, adem\u00e1s de romper las persianas de nuestra casa, derrumb\u00f3 un enorme tilo que hab\u00eda al lado de la iglesia de Ares.<\/p>\n<p>Me acuerdo\u2026<\/p>\n<p>Me acuerdo, claro que me acuerdo. La literatura nace de la memoria y de la imaginaci\u00f3n. Todos los libros que he escrito, como las tramas de una tela, est\u00e1n hechos combinando los hilos de mi vida. Cualquier persona que los haya le\u00eddo y conozca mi biograf\u00eda encontrar\u00e1 un paralelismo constante entre las dos realidades. Unas veces m\u00e1s enmascarada que otras, la vida de cualquier escritor discurre por debajo de sus obras.<\/p>\n<p>Que las historias salgan de mi vida no es una limitaci\u00f3n. Al rev\u00e9s, se trata de lo \u00fanico original que puedo aportar a las personas que viven conmigo y a las que vivir\u00e1n cuando yo ya no est\u00e9, si es que alguien lee entonces mis libros. Las personas, todas, somos \u00fanicas e irrepetibles. Poseemos una visi\u00f3n del mundo, unos sentimientos, unas vivencias que nos singularizan y que desaparecer\u00e1n con nosotras. A m\u00ed esto me parece maravilloso, y creo que est\u00e1 en la ra\u00edz de ese impulso irracional que me lleva a escribir y a inventar historias en las que quede reflejada mi visi\u00f3n del mundo y de la vida.<\/p>\n<p>Si tuviera que definirme en pocas palabras, dir\u00eda que soy una persona que encuentra placer en inventar historias y contarlas por medio de la escritura. Un contador de historias, aunque esto siempre deber\u00eda colocarlo en segundo lugar, porque lo que de verdad me gusta es leer lo que escriben otras personas. Y leer y escribir, como bien sabemos, son las dos caras de una misma moneda. Las historias, los libros: el hilo invisible que nos une a todas las personas del planeta.<\/p>\n<\/div><\/section><\/div><\/p>\n","protected":false},"excerpt":{"rendered":"","protected":false},"author":1,"featured_media":0,"parent":0,"menu_order":0,"comment_status":"closed","ping_status":"closed","template":"","meta":{"footnotes":""},"class_list":["post-5855","page","type-page","status-publish","hentry"],"_links":{"self":[{"href":"https:\/\/agustinfernandezpaz.gal\/es\/wp-json\/wp\/v2\/pages\/5855","targetHints":{"allow":["GET"]}}],"collection":[{"href":"https:\/\/agustinfernandezpaz.gal\/es\/wp-json\/wp\/v2\/pages"}],"about":[{"href":"https:\/\/agustinfernandezpaz.gal\/es\/wp-json\/wp\/v2\/types\/page"}],"author":[{"embeddable":true,"href":"https:\/\/agustinfernandezpaz.gal\/es\/wp-json\/wp\/v2\/users\/1"}],"replies":[{"embeddable":true,"href":"https:\/\/agustinfernandezpaz.gal\/es\/wp-json\/wp\/v2\/comments?post=5855"}],"version-history":[{"count":0,"href":"https:\/\/agustinfernandezpaz.gal\/es\/wp-json\/wp\/v2\/pages\/5855\/revisions"}],"wp:attachment":[{"href":"https:\/\/agustinfernandezpaz.gal\/es\/wp-json\/wp\/v2\/media?parent=5855"}],"curies":[{"name":"wp","href":"https:\/\/api.w.org\/{rel}","templated":true}]}}