{"id":5047,"date":"2012-09-11T10:11:44","date_gmt":"2012-09-11T10:11:44","guid":{"rendered":"https:\/\/agustinfernandezpaz.gal\/?page_id=5047"},"modified":"2012-09-21T14:25:23","modified_gmt":"2012-09-21T12:25:23","slug":"imagenes","status":"publish","type":"page","link":"https:\/\/agustinfernandezpaz.gal\/es\/imagenes\/","title":{"rendered":"Im\u00e1genes"},"content":{"rendered":"<p>[one_fourth]<br \/>\n[frame_left src=\u00bbhttps:\/\/agustinfernandezpaz.gal\/wp-content\/uploads\/2012\/09\/1.jpeg\u00bb href=\u00bbhttps:\/\/agustinfernandezpaz.gal\/wp-content\/uploads\/2012\/09\/01_s.jpeg\u00bb]Os pais de Agust\u00edn Fern\u00e1ndez Paz. Primeiros anos corenta.[\/frame_left]<br \/>\n[\/one_fourth]<br \/>\n[one_fourth]<br \/>\n[frame_left src=\u00bbhttps:\/\/agustinfernandezpaz.gal\/wp-content\/uploads\/2012\/09\/2.jpeg\u00bb href=\u00bbhttps:\/\/agustinfernandezpaz.gal\/wp-content\/uploads\/2012\/09\/02_s.jpeg\u00bb]Na Escola Graduada de Vilalba. Aula de don F\u00e9lix. Entre 1955 e 1957.[\/frame_left]<br \/>\n[\/one_fourth]<br \/>\n[one_fourth]<br \/>\n[frame_left src=\u00bbhttps:\/\/agustinfernandezpaz.gal\/wp-content\/uploads\/2012\/09\/03.jpg\u00bb href=\u00bbhttps:\/\/agustinfernandezpaz.gal\/wp-content\/uploads\/2012\/09\/03_s.jpg\u00bb]Na alameda de Vilalba, co seu irm\u00e1n Lu\u00eds, o t\u00edo Roca e tres dos seus curm\u00e1ns.[\/frame_left]<br \/>\n[\/one_fourth]<br \/>\n[one_fourth_last]<br \/>\n[frame_left src=\u00bbhttps:\/\/agustinfernandezpaz.gal\/wp-content\/uploads\/2012\/09\/04.jpg\u00bb href=\u00bbhttps:\/\/agustinfernandezpaz.gal\/wp-content\/uploads\/2012\/09\/04_s.jpg\u00bb]Excursi\u00f3n a Covadonga. Curso 1961-62, na Universidade Laboral de Xix\u00f3n. [\/frame_left]<br \/>\n[\/one_fourth_last]<\/p>\n<hr \/>\n<p>\n[one_fourth]<br \/>\n[frame_left src=\u00bbhttps:\/\/agustinfernandezpaz.gal\/wp-content\/uploads\/2012\/09\/05.jpg\u00bb href=\u00bbhttps:\/\/agustinfernandezpaz.gal\/wp-content\/uploads\/2012\/09\/05_s.jpg\u00bb]Excursi\u00f3n a Los Lagos, con otros amigos de la Laboral. Semana Santa de 1963.[\/frame_left]<br \/>\n[\/one_fourth]<br \/>\n[one_fourth]<br \/>\n[frame_left src=\u00bbhttps:\/\/agustinfernandezpaz.gal\/wp-content\/uploads\/2012\/09\/06.jpg\u00bb href=\u00bbhttps:\/\/agustinfernandezpaz.gal\/wp-content\/uploads\/2012\/09\/06_s.jpg\u00bb]Trabajando en el torno, en los talleres de la Universidad Laboral. Curso 1963-1964.[\/frame_left]<br \/>\n[\/one_fourth]<br \/>\n[one_fourth]<br \/>\n[frame_left src=\u00bbhttps:\/\/agustinfernandezpaz.gal\/wp-content\/uploads\/2012\/09\/07.jpg\u00bb href=\u00bbhttps:\/\/agustinfernandezpaz.gal\/wp-content\/uploads\/2012\/09\/07_s.jpg\u00bb]En la Universidad Laboral. Foto final del curso 1963-1964. Agust\u00edn est\u00e1 en la primera fila, el tercero por la derecha.[\/frame_left]<br \/>\n[\/one_fourth]<br \/>\n[one_fourth_last]<br \/>\n[frame_left src=\u00bbhttps:\/\/agustinfernandezpaz.gal\/wp-content\/uploads\/2012\/09\/08.jpg\u00bb href=\u00bbhttps:\/\/agustinfernandezpaz.gal\/wp-content\/uploads\/2012\/09\/08_s.jpg\u00bb]En Vilalba, en la romer\u00eda de la Virgen de Guadalupe, con un grupo de amigos.[\/frame_left]<br \/>\n[\/one_fourth_last]<\/p>\n<hr \/>\n<p>\n[one_fourth]<br \/>\n[frame_left src=\u00bbhttps:\/\/agustinfernandezpaz.gal\/wp-content\/uploads\/2012\/09\/09.jpg\u00bb href=\u00bbhttps:\/\/agustinfernandezpaz.gal\/wp-content\/uploads\/2012\/09\/09_s.jpg\u00bb]En una verbena en Xermade. Verano de 1966.[\/frame_left]<br \/>\n[\/one_fourth]<br \/>\n[one_fourth]<br \/>\n[frame_left src=\u00bbhttps:\/\/agustinfernandezpaz.gal\/wp-content\/uploads\/2012\/09\/11.jpg\u00bb href=\u00bbhttps:\/\/agustinfernandezpaz.gal\/wp-content\/uploads\/2012\/09\/11_.jpg\u00bb]Con sus padres en la Universidad Laboral de Gij\u00f3n. Mayo de 1966.[\/frame_left]<br \/>\n[\/one_fourth]<br \/>\n[one_fourth]<br \/>\n[frame_left src=\u00bbhttps:\/\/agustinfernandezpaz.gal\/wp-content\/uploads\/2012\/09\/12.jpg\u00bb href=\u00bbhttps:\/\/agustinfernandezpaz.gal\/wp-content\/uploads\/2012\/09\/12_s.jpg\u00bb]Agust\u00edn Fern\u00e1ndez Paz, en el r\u00edo de Os Novos. Vilalba, 1970. [\/frame_left]<br \/>\n[\/one_fourth]<br \/>\n[one_fourth_last]<br \/>\n[frame_left src=\u00bbhttps:\/\/agustinfernandezpaz.gal\/wp-content\/uploads\/2012\/09\/14.jpg\u00bb href=\u00bbhttps:\/\/agustinfernandezpaz.gal\/wp-content\/uploads\/2012\/09\/14_s.jpg\u00bb]Con sus alumnos de 3\u00ba de EGB, Colegio P\u00fablico \u00abRaquel Camacho\u00bb. A Coru\u00f1a, junio de 1976.[\/frame_left]<br \/>\n[\/one_fourth_last]<\/p>\n<hr \/>\n<p>\n[one_fourth]<br \/>\n[frame_left src=\u00bbhttps:\/\/agustinfernandezpaz.gal\/wp-content\/uploads\/2012\/09\/15.jpg\u00bb href=\u00bbhttps:\/\/agustinfernandezpaz.gal\/wp-content\/uploads\/2012\/09\/15_s.jpg\u00bb]En Gernika, durante el curso 1977-1978, en la conmemoraci\u00f3n del 40\u00ba aniversario del bombardeo de la villa por parte de la aviaci\u00f3n alemana.[\/frame_left]<br \/>\n[\/one_fourth]<br \/>\n[one_fourth]<br \/>\n[frame_left src=\u00bbhttps:\/\/agustinfernandezpaz.gal\/wp-content\/uploads\/2012\/09\/16.jpg\u00bb href=\u00bbhttps:\/\/agustinfernandezpaz.gal\/wp-content\/uploads\/2012\/09\/16_s.jpg\u00bb]En Barcelona, 1989.[\/frame_left]<br \/>\n[\/one_fourth]<br \/>\n[one_fourth]<br \/>\n[frame_left src=\u00bbhttps:\/\/agustinfernandezpaz.gal\/wp-content\/uploads\/2012\/09\/18.jpg\u00bb href=\u00bbhttps:\/\/agustinfernandezpaz.gal\/wp-content\/uploads\/2012\/09\/18_s.jpg\u00bb]Con su hija Mari\u00f1a, jugando en la playa de Seselle (Ares).[\/frame_left]<br \/>\n[\/one_fourth]<br \/>\n[one_fourth_last]<br \/>\n[frame_left src=\u00bbhttps:\/\/agustinfernandezpaz.gal\/wp-content\/uploads\/2012\/09\/19.jpg\u00bb href=\u00bbhttps:\/\/agustinfernandezpaz.gal\/wp-content\/uploads\/2012\/09\/19_s.jpg\u00bb]En el Congreso del IBBY (Sevilla, 1994). De derecha a izquierda: Agust\u00edn, Paula Carballeira, J. Vitorio Nogueira, M. Carme Bar, Xabier P. DoCampo y M. Xes\u00fas Fern\u00e1ndez.[\/frame_left]<br \/>\n[\/one_fourth_last]<\/p>\n<hr \/>\n<p>\n[one_fourth]<br \/>\n[frame_left src=\u00bbhttps:\/\/agustinfernandezpaz.gal\/wp-content\/uploads\/2012\/09\/20.jpg\u00bb href=\u00bbhttps:\/\/agustinfernandezpaz.gal\/wp-content\/uploads\/2012\/09\/20_s.jpg\u00bb]Ante la estatua de Andersen, en Copenhague. Abril de 2006. [\/frame_left]<br \/>\n[\/one_fourth]<br \/>\n[one_fourth]<br \/>\n[frame_left src=\u00bbhttps:\/\/agustinfernandezpaz.gal\/wp-content\/uploads\/2012\/09\/21.jpg\u00bb href=\u00bbhttps:\/\/agustinfernandezpaz.gal\/wp-content\/uploads\/2012\/09\/21_s.jpg\u00bb]Al lado de la Sirenita, en Copenhague. Abril de 2006.[\/frame_left]<br \/>\n[\/one_fourth]<br \/>\n[one_fourth]<br \/>\n[frame_left src=\u00bbhttps:\/\/agustinfernandezpaz.gal\/wp-content\/uploads\/2012\/09\/22.jpg\u00bb href=\u00bbhttps:\/\/agustinfernandezpaz.gal\/wp-content\/uploads\/2012\/09\/22_s.jpg\u00bb]Plantando una camelia con sus alumnos en el IES \u00abRosais 2\u00bb, en su despedida como docente. A\u00f1o 2007.[\/frame_left]<br \/>\n[\/one_fourth]<br \/>\n[one_fourth_last]<br \/>\n[frame_left src=\u00bbhttps:\/\/agustinfernandezpaz.gal\/wp-content\/uploads\/2012\/09\/23.jpg\u00bb href=\u00bbhttps:\/\/agustinfernandezpaz.gal\/wp-content\/uploads\/2012\/09\/23_s.jpg\u00bb]En el colegio \u00abMas Canosa\u00bb de Miami, tras un encuentro con el alumnado. A\u00f1o 2008.[\/frame_left]<br \/>\n[\/one_fourth_last]<\/p>\n<hr \/>\n<p>\n[one_fourth]<br \/>\n[frame_left src=\u00bbhttps:\/\/agustinfernandezpaz.gal\/wp-content\/uploads\/2012\/09\/24.jpg\u00bb href=\u00bbhttps:\/\/agustinfernandezpaz.gal\/wp-content\/uploads\/2012\/09\/24_s.jpg\u00bb]Escribiendo en su mesa de trabajo, en su casa de Vigo, en 2008.[\/frame_left]<br \/>\n[\/one_fourth]<br \/>\n[one_fourth]<br \/>\n[frame_left src=\u00bbhttps:\/\/agustinfernandezpaz.gal\/wp-content\/uploads\/2012\/09\/25.jpg\u00bb href=\u00bbhttps:\/\/agustinfernandezpaz.gal\/wp-content\/uploads\/2012\/09\/25_s.jpg\u00bb]Recibiendo el Premio Nacional en Teruel por O \u00fanico que queda \u00e9 o amor. Julio de 2008.[\/frame_left]<br \/>\n[\/one_fourth]<br \/>\n[one_fourth]<br \/>\n[frame_left src=\u00bbhttps:\/\/agustinfernandezpaz.gal\/wp-content\/uploads\/2012\/09\/27.jpg\u00bb href=\u00bbhttps:\/\/agustinfernandezpaz.gal\/wp-content\/uploads\/2012\/09\/27_s.jpg\u00bb]En el \u00abPaseo de los Sue\u00f1os\u00bb en Vilalba, en la inauguraci\u00f3n de una escultura dedicada a su obra. Diciembre de 2008.[\/frame_left]<br \/>\n[\/one_fourth]<br \/>\n[one_fourth_last]<br \/>\n[frame_left src=\u00bbhttps:\/\/agustinfernandezpaz.gal\/wp-content\/uploads\/2012\/09\/28.jpg\u00bb href=\u00bbhttps:\/\/agustinfernandezpaz.gal\/wp-content\/uploads\/2012\/09\/28_s.jpg\u00bb]Con Jules Verne, en Vigo. A\u00f1o 2009.[\/frame_left]<br \/>\n[\/one_fourth_last]<\/p>\n<hr \/>\n<p>\n[one_fourth]<br \/>\n[frame_left src=\u00bbhttps:\/\/agustinfernandezpaz.gal\/wp-content\/uploads\/2012\/09\/29.jpg\u00bb href=\u00bbhttps:\/\/agustinfernandezpaz.gal\/wp-content\/uploads\/2012\/09\/29_s.jpg\u00bb]Inauguraci\u00f3n de la Biblioteca \u00abAgust\u00edn Fern\u00e1ndez Paz\u00bb del IES \u00abAuga da Laxe\u00bb (Gondomar). 31 de marzo de 2009.[\/frame_left]<br \/>\n[\/one_fourth]<br \/>\n[one_fourth]<br \/>\n[frame_left src=\u00bbhttps:\/\/agustinfernandezpaz.gal\/wp-content\/uploads\/2012\/09\/30.jpg\u00bb href=\u00bbhttps:\/\/agustinfernandezpaz.gal\/wp-content\/uploads\/2012\/09\/30_s.jpg\u00bb]Recogiendo el premio \u00abLetra E\u00bb, concedido por la Asociaci\u00f3n de Escritores en Lengua Gallega en reconocimiento a su trayectoria. A\u00f1o 2009.[\/frame_left]<br \/>\n[\/one_fourth]<br \/>\n[one_fourth]<br \/>\n[frame_left src=\u00bbhttps:\/\/agustinfernandezpaz.gal\/wp-content\/uploads\/2012\/09\/31.jpg\u00bb href=\u00bbhttps:\/\/agustinfernandezpaz.gal\/wp-content\/uploads\/2012\/09\/31_s.jpg\u00bb]En la isla de San Sim\u00f3n, el 6 de junio de 2009, pronunciando un discurso con motivo de la celebraci\u00f3n de los XXVI Premios Xerais.[\/frame_left]<br \/>\n[\/one_fourth]<br \/>\n[one_fourth_last]<br \/>\n[frame_left src=\u00bbhttps:\/\/agustinfernandezpaz.gal\/wp-content\/uploads\/2012\/09\/32.jpg\u00bb href=\u00bbhttps:\/\/agustinfernandezpaz.gal\/wp-content\/uploads\/2012\/09\/32_s.jpg\u00bb]Con su hermana Tita, ante el monolito instalado con motivo del homenaje \u00abO escritor na s\u00faa terra\u00bb de la Asociaci\u00f3n de Escritores en Lengua Gallega. Vilalba, 20 junio 2009.[\/frame_left]<br \/>\n[\/one_fourth_last]<\/p>\n<hr \/>\n<p>\n[one_fourth]<br \/>\n[frame_left src=\u00bbhttps:\/\/agustinfernandezpaz.gal\/wp-content\/uploads\/2012\/09\/34.jpg\u00bb href=\u00bbhttps:\/\/agustinfernandezpaz.gal\/wp-content\/uploads\/2012\/09\/34_s.jpg\u00bb]Plantando un abedul en el  mismo homenaje \u00abO escritor na s\u00faa terra\u00bb.[\/frame_left]<br \/>\n[\/one_fourth]<br \/>\n[one_fourth]<br \/>\n[frame_left src=\u00bbhttps:\/\/agustinfernandezpaz.gal\/wp-content\/uploads\/2012\/09\/36.jpg\u00bb href=\u00bbhttps:\/\/agustinfernandezpaz.gal\/wp-content\/uploads\/2012\/09\/36_s.jpg\u00bb]Con Xavier P. Docampo y Paco Mart\u00edn, los otros dos miembros de la denominada \u00abgeneraci\u00f3n Lamote\u00bb. Lugo, 2009.[\/frame_left]<br \/>\n[\/one_fourth]<br \/>\n[one_fourth]<br \/>\n[frame_left src=\u00bbhttps:\/\/agustinfernandezpaz.gal\/wp-content\/uploads\/2012\/09\/37.jpg\u00bb href=\u00bbhttps:\/\/agustinfernandezpaz.gal\/wp-content\/uploads\/2012\/09\/37_s.jpg\u00bb]Una muestra de su escritura manuscrita, en sus caracter\u00edsticos cuadernos amarillos.[\/frame_left]<br \/>\n[\/one_fourth]<br \/>\n[one_fourth_last]<br \/>\n[frame_left src=\u00bbhttps:\/\/agustinfernandezpaz.gal\/wp-content\/uploads\/2012\/09\/38.jpg\u00bb href=\u00bbhttps:\/\/agustinfernandezpaz.gal\/wp-content\/uploads\/2012\/09\/38_s.jpg\u00bb]Intervenci\u00f3n en el Acto de entrega del VII Premio Iberoamericano SM, en la Feria Internacional del Libro de Guadalajara (M\u00e9xico). Diciembre de 2011.[\/frame_left]<br \/>\n[\/one_fourth_last]<\/p>\n<hr \/>\n<p>[one_fourth]<br \/>\n[frame_left src=\u00bbhttps:\/\/agustinfernandezpaz.gal\/wp-content\/uploads\/2012\/09\/39.jpg\u00bb href=\u00bbhttps:\/\/agustinfernandezpaz.gal\/wp-content\/uploads\/2012\/09\/39_s.jpg\u00bb]En Vigo, al lado del antiguo Rectorado, con Manuel Bragado, Inmaculada Reino y Celia Torres. [\/frame_left]<br \/>\n[\/one_fourth]<br \/>\n[one_fourth]<br \/>\n[frame_left src=\u00bbhttps:\/\/agustinfernandezpaz.gal\/wp-content\/uploads\/2012\/09\/40.jpg\u00bb href=\u00bbhttps:\/\/agustinfernandezpaz.gal\/wp-content\/uploads\/2012\/09\/40_s.jpg\u00bb]Con Jordi Sierra i Fabra, en la Feria Internacional del Libro de Bolonia, el a\u00f1o en que Espa\u00f1a fue el pa\u00eds invitado (2005).[\/frame_left]<br \/>\n[\/one_fourth]<br \/>\n[one_fourth]<br \/>\n[frame_left src=\u00bbhttps:\/\/agustinfernandezpaz.gal\/wp-content\/uploads\/2012\/09\/41.jpg\u00bb href=\u00bbhttps:\/\/agustinfernandezpaz.gal\/wp-content\/uploads\/2012\/09\/41_s.jpg\u00bb]Firmando libros en la Feria del Libro de La Habana, el a\u00f1o en que Galicia fue el pa\u00eds invitado (2008). [\/frame_left]<br \/>\n[\/one_fourth]<br \/>\n[one_fourth_last]<br \/>\n[frame_left src=\u00bbhttps:\/\/agustinfernandezpaz.gal\/wp-content\/uploads\/2012\/09\/42.jpg\u00bb href=\u00bbhttps:\/\/agustinfernandezpaz.gal\/wp-content\/uploads\/2012\/09\/42_s.jpg\u00bb]Con Manuel Bragado y Xabier P. DoCampo, en la cena de entrega de los Premios de la AELG (2010). [\/frame_left]<br \/>\n[\/one_fourth_last]<\/p>\n<hr \/>\n<p>[one_fourth]<br \/>\n[frame_left src=\u00bbhttps:\/\/agustinfernandezpaz.gal\/wp-content\/uploads\/2012\/09\/43.jpg\u00bb href=\u00bbhttps:\/\/agustinfernandezpaz.gal\/wp-content\/uploads\/2012\/09\/43_s.jpg\u00bb]Con Xabier P. DoCampo en Santiago de Compostela, en un balc\u00f3n del Pazo de Xelm\u00edrez, con la Plaza del Obradoiro de fondo.[\/frame_left]<br \/>\n[\/one_fourth]<br \/>\n[one_fourth]<br \/>\n[frame_left src=\u00bbhttps:\/\/agustinfernandezpaz.gal\/wp-content\/uploads\/2012\/09\/44.jpg\u00bb href=\u00bbhttps:\/\/agustinfernandezpaz.gal\/wp-content\/uploads\/2012\/09\/44_s.jpg\u00bb]En el mirador de la Torre Redonda, famosa por su rampa en caracol, con la ciudad de Copenhague de fondo.[\/frame_left]<br \/>\n[\/one_fourth]<br \/>\n[one_fourth]<br \/>\n[frame_left src=\u00bbhttps:\/\/agustinfernandezpaz.gal\/wp-content\/uploads\/2012\/09\/452.jpg\u00bb href=\u00bbhttps:\/\/agustinfernandezpaz.gal\/wp-content\/uploads\/2012\/09\/45_s.jpg\u00bb]Foto para el libro Coci\u00f1ando ao p\u00e9 da letra, de Yolanda Casta\u00f1o y Andrea Costas. AFP est\u00e1 ante una fuente de falsas orejas, hechas con p\u00e1ginas de un manuscrito.[\/frame_left]<br \/>\n[\/one_fourth]<br \/>\n[one_fourth_last]<br \/>\n[frame_left src=\u00bbhttps:\/\/agustinfernandezpaz.gal\/wp-content\/uploads\/2012\/09\/46.jpg\u00bb href=\u00bbhttps:\/\/agustinfernandezpaz.gal\/wp-content\/uploads\/2012\/09\/46_s.jpg\u00bb]Entrevistado por Rosa Aneiros, durante la celebraci\u00f3n de la Feria Internacional del Libro de Guadalajara (M\u00e9xico), en 2011.[\/frame_left]<br \/>\n[\/one_fourth_last]<\/p>\n","protected":false},"excerpt":{"rendered":"<p>[one_fourth] [frame_left src=\u00bbhttps:\/\/agustinfernandezpaz.gal\/wp-content\/uploads\/2012\/09\/1.jpeg\u00bb href=\u00bbhttps:\/\/agustinfernandezpaz.gal\/wp-content\/uploads\/2012\/09\/01_s.jpeg\u00bb]Os pais de Agust\u00edn Fern\u00e1ndez Paz. Primeiros anos corenta.[\/frame_left] [\/one_fourth] [one_fourth] [frame_left src=\u00bbhttps:\/\/agustinfernandezpaz.gal\/wp-content\/uploads\/2012\/09\/2.jpeg\u00bb href=\u00bbhttps:\/\/agustinfernandezpaz.gal\/wp-content\/uploads\/2012\/09\/02_s.jpeg\u00bb]Na Escola Graduada de Vilalba. Aula de don F\u00e9lix. Entre 1955 e 1957.[\/frame_left] [\/one_fourth] [one_fourth] [frame_left src=\u00bbhttps:\/\/agustinfernandezpaz.gal\/wp-content\/uploads\/2012\/09\/03.jpg\u00bb href=\u00bbhttps:\/\/agustinfernandezpaz.gal\/wp-content\/uploads\/2012\/09\/03_s.jpg\u00bb]Na alameda de Vilalba, co seu irm\u00e1n Lu\u00eds, o t\u00edo Roca e tres dos seus curm\u00e1ns.[\/frame_left] [\/one_fourth] [one_fourth_last] [frame_left src=\u00bbhttps:\/\/agustinfernandezpaz.gal\/wp-content\/uploads\/2012\/09\/04.jpg\u00bb href=\u00bbhttps:\/\/agustinfernandezpaz.gal\/wp-content\/uploads\/2012\/09\/04_s.jpg\u00bb]Excursi\u00f3n a [&hellip;]<\/p>\n","protected":false},"author":1,"featured_media":0,"parent":0,"menu_order":0,"comment_status":"open","ping_status":"open","template":"page_f.php","meta":{"footnotes":""},"class_list":["post-5047","page","type-page","status-publish","hentry"],"_links":{"self":[{"href":"https:\/\/agustinfernandezpaz.gal\/es\/wp-json\/wp\/v2\/pages\/5047","targetHints":{"allow":["GET"]}}],"collection":[{"href":"https:\/\/agustinfernandezpaz.gal\/es\/wp-json\/wp\/v2\/pages"}],"about":[{"href":"https:\/\/agustinfernandezpaz.gal\/es\/wp-json\/wp\/v2\/types\/page"}],"author":[{"embeddable":true,"href":"https:\/\/agustinfernandezpaz.gal\/es\/wp-json\/wp\/v2\/users\/1"}],"replies":[{"embeddable":true,"href":"https:\/\/agustinfernandezpaz.gal\/es\/wp-json\/wp\/v2\/comments?post=5047"}],"version-history":[{"count":0,"href":"https:\/\/agustinfernandezpaz.gal\/es\/wp-json\/wp\/v2\/pages\/5047\/revisions"}],"wp:attachment":[{"href":"https:\/\/agustinfernandezpaz.gal\/es\/wp-json\/wp\/v2\/media?parent=5047"}],"curies":[{"name":"wp","href":"https:\/\/api.w.org\/{rel}","templated":true}]}}