{"id":4907,"date":"2012-09-10T11:13:18","date_gmt":"2012-09-10T11:13:18","guid":{"rendered":"https:\/\/agustinfernandezpaz.gal\/?page_id=4907"},"modified":"2018-09-24T12:26:39","modified_gmt":"2018-09-24T10:26:39","slug":"el-autor","status":"publish","type":"page","link":"https:\/\/agustinfernandezpaz.gal\/es\/el-autor\/","title":{"rendered":"Acerca del autor"},"content":{"rendered":"\n<style type=\"text\/css\" data-created_by=\"avia_inline_auto\" id=\"style-css-av-5dfmi5-121f5e6bf9287321b0587264570e7ef7\">\n.avia-section.av-5dfmi5-121f5e6bf9287321b0587264570e7ef7{\nbackground-color:#f7f7f7;\nbackground-image:unset;\n}\n<\/style>\n<div id='av_section_1'  class='avia-section av-5dfmi5-121f5e6bf9287321b0587264570e7ef7 main_color avia-section-default avia-no-border-styling  avia-builder-el-0  el_before_av_section  avia-builder-el-first  avia-bg-style-scroll container_wrap fullsize'  ><div class='container av-section-cont-open' ><main  role=\"main\" itemprop=\"mainContentOfPage\"  class='template-page content  av-content-full alpha units'><div class='post-entry post-entry-type-page post-entry-4907'><div class='entry-content-wrapper clearfix'>\n\n<style type=\"text\/css\" data-created_by=\"avia_inline_auto\" id=\"style-css-av-av_heading-c9db80b4369e1de27c0d5a6edae59265\">\n#top .av-special-heading.av-av_heading-c9db80b4369e1de27c0d5a6edae59265{\npadding-bottom:40px;\n}\nbody .av-special-heading.av-av_heading-c9db80b4369e1de27c0d5a6edae59265 .av-special-heading-tag .heading-char{\nfont-size:25px;\n}\n.av-special-heading.av-av_heading-c9db80b4369e1de27c0d5a6edae59265 .av-subheading{\nfont-size:15px;\n}\n<\/style>\n<div  class='av-special-heading av-av_heading-c9db80b4369e1de27c0d5a6edae59265 av-special-heading-h1 blockquote modern-quote  avia-builder-el-1  el_before_av_one_third  avia-builder-el-first '><h1 class='av-special-heading-tag '  itemprop=\"headline\"  >Acerca del autor<\/h1><div class=\"special-heading-border\"><div class=\"special-heading-inner-border\"><\/div><\/div><\/div>\n<div class='flex_column_table av-22t07x-566acf3056bf4d87b361866bc063c99d sc-av_one_third av-equal-height-column-flextable'>\n<style type=\"text\/css\" data-created_by=\"avia_inline_auto\" id=\"style-css-av-22t07x-566acf3056bf4d87b361866bc063c99d\">\n.flex_column.av-22t07x-566acf3056bf4d87b361866bc063c99d{\nborder-radius:0px 0px 0px 0px;\npadding:15px 15px 15px 15px;\nbackground-color:#ffffff;\n}\n<\/style>\n<div  class='flex_column av-22t07x-566acf3056bf4d87b361866bc063c99d av_one_third  avia-builder-el-2  el_after_av_heading  el_before_av_two_third  first no_margin flex_column_table_cell av-equal-height-column av-align-middle  '     ><style type=\"text\/css\" data-created_by=\"avia_inline_auto\" id=\"style-css-av-jjo1g5yj-25540472b72eef4eee2847039a23cfb6\">\n.avia-image-container.av-jjo1g5yj-25540472b72eef4eee2847039a23cfb6 img.avia_image{\nbox-shadow:none;\n}\n.avia-image-container.av-jjo1g5yj-25540472b72eef4eee2847039a23cfb6 .av-image-caption-overlay-center{\ncolor:#ffffff;\n}\n<\/style>\n<div  class='avia-image-container av-jjo1g5yj-25540472b72eef4eee2847039a23cfb6 av-styling- avia-align-center  avia-builder-el-3  avia-builder-el-no-sibling '   itemprop=\"image\" itemscope=\"itemscope\" itemtype=\"https:\/\/schema.org\/ImageObject\" ><div class=\"avia-image-container-inner\"><div class=\"avia-image-overlay-wrap\"><img decoding=\"async\" fetchpriority=\"high\" class='wp-image-12159 avia-img-lazy-loading-not-12159 avia_image ' src=\"https:\/\/agustinfernandezpaz.gal\/wp-content\/uploads\/2018\/07\/fb83b9a822a04a140b4999247a83f4bc_L-495x400.jpg\" alt='' title='fb83b9a822a04a140b4999247a83f4bc_L'  height=\"400\" width=\"495\"  itemprop=\"thumbnailUrl\"  \/><\/div><\/div><\/div><\/div>\n<style type=\"text\/css\" data-created_by=\"avia_inline_auto\" id=\"style-css-av-22t07x-b5cef3b99bb8c7f2946c9b27a67e0ae5\">\n.flex_column.av-22t07x-b5cef3b99bb8c7f2946c9b27a67e0ae5{\nborder-radius:0px 0px 0px 0px;\npadding:30px 30px 30px 30px;\n}\n<\/style>\n<div  class='flex_column av-22t07x-b5cef3b99bb8c7f2946c9b27a67e0ae5 av_two_third  avia-builder-el-4  el_after_av_one_third  avia-builder-el-last  no_margin flex_column_table_cell av-equal-height-column av-align-middle  '     ><style type=\"text\/css\" data-created_by=\"avia_inline_auto\" id=\"style-css-av-jjo16mnq-a6a232dae99545312ec1efd1a8bf08b6\">\n#top .av_textblock_section.av-jjo16mnq-a6a232dae99545312ec1efd1a8bf08b6 .avia_textblock{\nfont-size:19px;\n}\n<\/style>\n<section  class='av_textblock_section av-jjo16mnq-a6a232dae99545312ec1efd1a8bf08b6 '   itemscope=\"itemscope\" itemtype=\"https:\/\/schema.org\/CreativeWork\" ><div class='avia_textblock'  itemprop=\"text\" ><p><strong>Agust\u00edn Fern\u00e1ndez Paz<\/strong> (Vilalba, 1947-Vigo, 2016) es uno de los escritores m\u00e1s conocidos y valorados en el \u00e1mbito de la literatura infantil y juvenil, en Galicia y en el resto de Espa\u00f1a. Es autor de m\u00e1s de cincuenta t\u00edtulos, la mayor\u00eda dirigidos preferentemente a lectores infantiles o juveniles. Sus libros, escritos en gallego, se traducen habitualmente a las otras lenguas espa\u00f1olas: castellano, catal\u00e1n y eusquera. Tambi\u00e9n se han traducido diversos t\u00edtulos al coreano, portugu\u00e9s, b\u00falgaro, chino, ingl\u00e9s, franc\u00e9s, \u00e1rabe e italiano.<\/p>\n<\/div><\/section><\/div><\/div><!--close column table wrapper. Autoclose: 1 --><\/div><\/div><\/main><!-- close content main element --><\/div><\/div><div id='av_section_2'  class='avia-section av-uyvx-877c4fea77b4a3af516845355f073c7e main_color avia-section-no-padding avia-no-border-styling  avia-builder-el-6  el_after_av_section  el_before_av_section  avia-bg-style-scroll container_wrap fullsize'  ><div class='container av-section-cont-open' ><div class='template-page content  av-content-full alpha units'><div class='post-entry post-entry-type-page post-entry-4907'><div class='entry-content-wrapper clearfix'>\n\n<style type=\"text\/css\" data-created_by=\"avia_inline_auto\" id=\"style-css-av-4d9yxp-e1c96a46432d014ab7e2bedd9d77ced7\">\n.flex_column.av-4d9yxp-e1c96a46432d014ab7e2bedd9d77ced7{\nborder-radius:0px 0px 0px 0px;\npadding:0px 0px 0px 0px;\n}\n<\/style>\n<div  class='flex_column av-4d9yxp-e1c96a46432d014ab7e2bedd9d77ced7 av_one_half  avia-builder-el-7  el_before_av_one_half  avia-builder-el-first  first flex_column_div av-zero-column-padding  '     ><section  class='av_textblock_section av-jjo16mnq-05d2d2df06a87ad5b4bb995e98b1f0f5 '   itemscope=\"itemscope\" itemtype=\"https:\/\/schema.org\/CreativeWork\" ><div class='avia_textblock'  itemprop=\"text\" ><p><span class='av_dropcap1 av-av_dropcap1-3cd9da5fea0ef5fb27aee617571c39a3'>A<\/span>dem\u00e1s de Perito Industrial Mec\u00e1nico,\u00a0<strong>Agust\u00edn Fern\u00e1ndez Paz<\/strong>\u00a0es Maestro y Licenciado en Ciencias de la Educaci\u00f3n. Trabaj\u00f3 como docente durante m\u00e1s de treinta a\u00f1os, en la ense\u00f1anza primaria y en la secundaria. Paralelamente a su dedicaci\u00f3n a la docencia, desarroll\u00f3 tambi\u00e9n una amplia actividad te\u00f3rica y divulgativa, centrada en temas como la introducci\u00f3n de los medios de comunicaci\u00f3n en el aula, la promoci\u00f3n de la lectura, el fomento de la lengua gallega en un contexto biling\u00fce o la did\u00e1ctica de la lengua, as\u00ed como un relevante papel en la elaboraci\u00f3n de materiales did\u00e1cticos de lengua y literatura (uno de sus trabajos,\u00a0<em>Canles 5<\/em>, obtuvo el Premio Nacional \u201cEmilia Pardo Baz\u00e1n\u201d para libros de texto no sexistas).<\/p>\n<p>Los libros de\u00a0<strong>Agust\u00edn Fern\u00e1ndez Paz<\/strong>\u00a0han obtenido numerosos premios, tanto de \u00e1mbito gallego como espa\u00f1ol (Lazarillo, Edeb\u00e9 Juvenil, Barco de Vapor, Merl\u00edn, Protagonista Jove, Edeb\u00e9 Infantil, Ra\u00f1olas, Ra\u00ed\u00f1a Lupa, Marti\u00f1o Sarmiento, Xos\u00e9 Neira Vilas\u2026). Ha sido reconocido dos veces como el mejor autor del a\u00f1o (en 2004, por la Federaci\u00f3n de Libreros de Galicia; en 2007, por la Asociaci\u00f3n Galega de Editores). Tambi\u00e9n ha obtenido en tres ocasiones el premio al mejor libro infantil del a\u00f1o, que concede la Asociaci\u00f3n de Escritores en Lingua Galega. Su libro\u00a0<em>O \u00fanico que queda \u00e9 o amor<\/em>\u00a0(<em>Lo \u00fanico que queda es el amor<\/em>) obtuvo en 2008 el Premio Nacional de Literatura Infantil y Juvenil que concede el Ministerio de Cultura de Espa\u00f1a.<\/p>\n<p>En el \u00e1mbito internacional destacan sus cuatro nominaciones al Astrid Lindgren Memorial Award (en 2008, 2009, 2010 y 2013).\u00a0<em>O \u00fanico que queda \u00e9 o amor<\/em>\u00a0(<em>Lo \u00fanico que queda es el amor)<\/em>\u00a0fue incluido en la IBBY Honour List en 2010, como ocurri\u00f3 tambi\u00e9n con\u00a0<em>Contos por palabras<\/em>\u00a0(<em>Cuentos por palabras)<\/em>\u00a0en 1992 y con\u00a0<em>Aire negro<\/em>\u00a0en 2002. Esta \u00faltima novela,\u00a0<em>Aire negro<\/em>, fue incluida tambi\u00e9n en el Cat\u00e1logo White Ravens de la International Youth Library de Munich en 2001, un reconocimiento que tambi\u00e9n mereci\u00f3\u00a0<em>O meu nome \u00e9 Skywalker<\/em>\u00a0(<em>Mi nombre es Skywalker<\/em>) en 2004.<\/p>\n<\/div><\/section><\/div>\n<style type=\"text\/css\" data-created_by=\"avia_inline_auto\" id=\"style-css-av-2h370t-078d443ee4f005f87b76ff8e562128e4\">\n.flex_column.av-2h370t-078d443ee4f005f87b76ff8e562128e4{\nborder-radius:0px 0px 0px 0px;\npadding:0px 0px 0px 0px;\n}\n<\/style>\n<div  class='flex_column av-2h370t-078d443ee4f005f87b76ff8e562128e4 av_one_half  avia-builder-el-9  el_after_av_one_half  avia-builder-el-last  flex_column_div av-zero-column-padding  '     ><section  class='av_textblock_section av-jjo16mnq-05d2d2df06a87ad5b4bb995e98b1f0f5 '   itemscope=\"itemscope\" itemtype=\"https:\/\/schema.org\/CreativeWork\" ><div class='avia_textblock'  itemprop=\"text\" ><p><span class='av_dropcap1 av-av_dropcap1-3cd9da5fea0ef5fb27aee617571c39a3'>C<\/span><em>uentos por palabras<\/em>\u00a0fue considerado como uno de los once t\u00edtulos esenciales de la LIJ espa\u00f1ola del siglo XX por un panel de expertos durante el primer Congreso de Lengua y Literatura para ni\u00f1os y j\u00f3venes, celebrado en Santiago de Chile en 2010.<\/p>\n<p>En el a\u00f1o 2011, se le otorg\u00f3 en Guadalajara (M\u00e9xico) el VII Premio Iberoamericano SM de la Literatura Infantil y Juvenil, en reconocimiento a su trayectoria literaria. Y OEPLI acord\u00f3 designarlo como candidato espa\u00f1ol al Premio Andersen 2012.<\/p>\n<p>En enero de 2013, fue investido como Doctor Honoris Causa por la Universidad de Vigo.<\/p>\n<p>Sus libros son muy apreciados por los lectores infantiles y juveniles y todos ellos conocen numerosas ediciones. Algunos, como\u00a0<em>Cartas de inverno<\/em>\u00a0(<em>Cartas de invierno<\/em>),\u00a0<em>Trece anos de Branca<\/em>\u00a0(<em>Trece a\u00f1os de Blanca<\/em>) o\u00a0<em>As fadas verdes<\/em>\u00a0(<em>Las hadas verdes<\/em>) han superado la frontera de los cien mil ejemplares vendidos.<\/p>\n<p>A\u00a0<strong>Agust\u00edn Fern\u00e1ndez Paz<\/strong>\u00a0le gusta reiterar, usando las palabras del noruego Jostein Gaarder, su empe\u00f1o en una lucha expl\u00edcita por conseguir un status social digno para la literatura infantil y juvenil. Quiz\u00e1 por ello recurre, a modo de gu\u00eda, a las palabras que \u00c1lvaro Cunqueiro \u2013uno de los m\u00e1s grandes e imaginativos escritores que Galicia aport\u00f3 a la literatura occidental\u2013 escribi\u00f3 en 1963:<\/p>\n<p><em>\u00abLo propio de un escritor es contar claro, seguido y bien. Contar la totalidad humana, que \u00e9l por su parte tiene la obligaci\u00f3n de alimentar con nuevas miradas. Y si hay algo que est\u00e9 claro en esta dieta es que la persona precisa en primer lugar, como quien bebe agua, beber sue\u00f1os.\u00bb<\/em><\/p>\n<\/div><\/section><\/div>\n<\/p>\n<\/div><\/div><\/div><!-- close content main div --><\/div><\/div><div id='av_section_3'  class='avia-section av-5dfmi5-ff833488da07eaf049d7be42cb4b584a main_color avia-section-default avia-no-border-styling  avia-builder-el-11  el_after_av_section  avia-builder-el-last  avia-bg-style-scroll container_wrap fullsize'  ><div class='container av-section-cont-open' ><div class='template-page content  av-content-full alpha units'><div class='post-entry post-entry-type-page post-entry-4907'><div class='entry-content-wrapper clearfix'>\n<section  class='av_textblock_section av-jjo16mnq-fcaeec64cd668a3557419cbcce0a9026 '   itemscope=\"itemscope\" itemtype=\"https:\/\/schema.org\/CreativeWork\" ><div class='avia_textblock'  itemprop=\"text\" ><h5>Otras versiones de la biograf\u00eda de Agust\u00edn Fern\u00e1ndez Paz<\/h5>\n<p><a title=\"Me acuerdo\" href=\"https:\/\/agustinfernandezpaz.gal\/es\/lembrome\/\">\u2192 Me acuerdo<\/a>\u00a0(Texto del autor sobre su vida)<\/p>\n<\/div><\/section>\n\n","protected":false},"excerpt":{"rendered":"","protected":false},"author":1,"featured_media":0,"parent":0,"menu_order":0,"comment_status":"closed","ping_status":"closed","template":"","meta":{"footnotes":""},"class_list":["post-4907","page","type-page","status-publish","hentry"],"_links":{"self":[{"href":"https:\/\/agustinfernandezpaz.gal\/es\/wp-json\/wp\/v2\/pages\/4907","targetHints":{"allow":["GET"]}}],"collection":[{"href":"https:\/\/agustinfernandezpaz.gal\/es\/wp-json\/wp\/v2\/pages"}],"about":[{"href":"https:\/\/agustinfernandezpaz.gal\/es\/wp-json\/wp\/v2\/types\/page"}],"author":[{"embeddable":true,"href":"https:\/\/agustinfernandezpaz.gal\/es\/wp-json\/wp\/v2\/users\/1"}],"replies":[{"embeddable":true,"href":"https:\/\/agustinfernandezpaz.gal\/es\/wp-json\/wp\/v2\/comments?post=4907"}],"version-history":[{"count":2,"href":"https:\/\/agustinfernandezpaz.gal\/es\/wp-json\/wp\/v2\/pages\/4907\/revisions"}],"predecessor-version":[{"id":18836,"href":"https:\/\/agustinfernandezpaz.gal\/es\/wp-json\/wp\/v2\/pages\/4907\/revisions\/18836"}],"wp:attachment":[{"href":"https:\/\/agustinfernandezpaz.gal\/es\/wp-json\/wp\/v2\/media?parent=4907"}],"curies":[{"name":"wp","href":"https:\/\/api.w.org\/{rel}","templated":true}]}}