{"id":4768,"date":"2012-07-20T10:11:56","date_gmt":"2012-07-20T10:11:56","guid":{"rendered":"https:\/\/agustinfernandezpaz.gal\/?page_id=4768"},"modified":"2020-09-15T18:33:43","modified_gmt":"2020-09-15T16:33:43","slug":"agustin-fernandez-paz-es","status":"publish","type":"page","link":"https:\/\/agustinfernandezpaz.gal\/es\/","title":{"rendered":"Agust\u00edn Fern\u00e1ndez Paz"},"content":{"rendered":"\n<style type=\"text\/css\" data-created_by=\"avia_inline_auto\" id=\"style-css-av-uyvx-7c25ad1132565798eed6a979e1d90e27\">\n.avia-section.av-uyvx-7c25ad1132565798eed6a979e1d90e27 .av-parallax .av-parallax-inner{\nbackground-repeat:no-repeat;\nbackground-image:url(https:\/\/agustinfernandezpaz.gal\/wp-content\/uploads\/2018\/08\/writer2.jpg);\nbackground-position:0% 0%;\nbackground-attachment:scroll;\n}\n.avia-section.av-uyvx-7c25ad1132565798eed6a979e1d90e27 .av-section-color-overlay{\nopacity:0.5;\nbackground-color:#ffffff;\n}\n<\/style>\n<div id='av_section_1'  class='avia-section av-uyvx-7c25ad1132565798eed6a979e1d90e27 main_color avia-section-default avia-no-border-styling  avia-builder-el-0  el_before_av_section  avia-builder-el-first  avia-full-stretch av-parallax-section avia-bg-style-parallax av-section-color-overlay-active container_wrap fullsize'  data-section-bg-repeat='stretch'><div class='av-parallax' data-avia-parallax-ratio='0.3' ><div class='av-parallax-inner main_color avia-full-stretch'><\/div><\/div><div class=\"av-section-color-overlay-wrap\"><div class=\"av-section-color-overlay\"><\/div><div class='container av-section-cont-open' ><main  role=\"main\" itemprop=\"mainContentOfPage\"  class='template-page content  av-content-full alpha units'><div class='post-entry post-entry-type-page post-entry-4768'><div class='entry-content-wrapper clearfix'>\n<div class='flex_column_table av-4d9yxp-0cc50cdda43ef09b7a9646ec2c4c7e0d sc-av_three_fifth av-equal-height-column-flextable'>\n<style type=\"text\/css\" data-created_by=\"avia_inline_auto\" id=\"style-css-av-4d9yxp-0cc50cdda43ef09b7a9646ec2c4c7e0d\">\n.flex_column.av-4d9yxp-0cc50cdda43ef09b7a9646ec2c4c7e0d{\nborder-radius:0px 0px 0px 0px;\npadding:0px 0px 0px 0px;\n}\n<\/style>\n<div  class='flex_column av-4d9yxp-0cc50cdda43ef09b7a9646ec2c4c7e0d av_three_fifth  avia-builder-el-1  el_before_av_two_fifth  avia-builder-el-first  first flex_column_table_cell av-equal-height-column av-align-middle av-zero-column-padding  '     ><p>\n<style type=\"text\/css\" data-created_by=\"avia_inline_auto\" id=\"style-css-av-kf45zk3k-e275aaa2f49afbc889bdde7653621ad2\">\n#top .hr.hr-invisible.av-kf45zk3k-e275aaa2f49afbc889bdde7653621ad2{\nmargin-top:-30px;\nheight:1px;\n}\n<\/style>\n<div  class='hr av-kf45zk3k-e275aaa2f49afbc889bdde7653621ad2 hr-invisible  avia-builder-el-2  el_before_av_image  avia-builder-el-first  av-desktop-hide av-medium-hide'><span class='hr-inner '><span class=\"hr-inner-style\"><\/span><\/span><\/div><br \/>\n\n<style type=\"text\/css\" data-created_by=\"avia_inline_auto\" id=\"style-css-av-jksfr2gv-eb9389878d9f4438fd4668caa1db4a38\">\n.avia-image-container.av-jksfr2gv-eb9389878d9f4438fd4668caa1db4a38 img.avia_image{\nbox-shadow:none;\n}\n.avia-image-container.av-jksfr2gv-eb9389878d9f4438fd4668caa1db4a38 .av-image-caption-overlay-center{\ncolor:#ffffff;\n}\n<\/style>\n<div  class='avia-image-container av-jksfr2gv-eb9389878d9f4438fd4668caa1db4a38 av-styling- avia-align-center  avia-builder-el-3  el_after_av_hr  avia-builder-el-last '   itemprop=\"image\" itemscope=\"itemscope\" itemtype=\"https:\/\/schema.org\/ImageObject\" ><div class=\"avia-image-container-inner\"><div class=\"avia-image-overlay-wrap\"><img decoding=\"async\" fetchpriority=\"high\" class='wp-image-17258 avia-img-lazy-loading-not-17258 avia_image ' src=\"https:\/\/agustinfernandezpaz.gal\/wp-content\/uploads\/2018\/08\/afp.jpg\" alt='' title='afp'  height=\"561\" width=\"674\"  itemprop=\"thumbnailUrl\" srcset=\"https:\/\/agustinfernandezpaz.gal\/wp-content\/uploads\/2018\/08\/afp.jpg 674w, https:\/\/agustinfernandezpaz.gal\/wp-content\/uploads\/2018\/08\/afp-300x250.jpg 300w, https:\/\/agustinfernandezpaz.gal\/wp-content\/uploads\/2018\/08\/afp-450x375.jpg 450w, https:\/\/agustinfernandezpaz.gal\/wp-content\/uploads\/2018\/08\/afp-530x441.jpg 530w, https:\/\/agustinfernandezpaz.gal\/wp-content\/uploads\/2018\/08\/afp-110x92.jpg 110w\" sizes=\"(max-width: 674px) 100vw, 674px\" \/><\/div><\/div><\/div><\/p><\/div><div class='av-flex-placeholder'><\/div>\n<style type=\"text\/css\" data-created_by=\"avia_inline_auto\" id=\"style-css-av-2h370t-078d443ee4f005f87b76ff8e562128e4\">\n.flex_column.av-2h370t-078d443ee4f005f87b76ff8e562128e4{\nborder-radius:0px 0px 0px 0px;\npadding:0px 0px 0px 0px;\n}\n<\/style>\n<div  class='flex_column av-2h370t-078d443ee4f005f87b76ff8e562128e4 av_two_fifth  avia-builder-el-4  el_after_av_three_fifth  avia-builder-el-last  flex_column_table_cell av-equal-height-column av-align-middle av-zero-column-padding  '     ><p>\n<style type=\"text\/css\" data-created_by=\"avia_inline_auto\" id=\"style-css-av-20u9ts-8669b0d9066ca1ecb391dc88d52c4571\">\n#top .av-special-heading.av-20u9ts-8669b0d9066ca1ecb391dc88d52c4571{\npadding-bottom:30px;\ncolor:#161616;\nfont-size:36px;\n}\nbody .av-special-heading.av-20u9ts-8669b0d9066ca1ecb391dc88d52c4571 .av-special-heading-tag .heading-char{\nfont-size:25px;\n}\n#top #wrap_all .av-special-heading.av-20u9ts-8669b0d9066ca1ecb391dc88d52c4571 .av-special-heading-tag{\nfont-size:36px;\n}\n.av-special-heading.av-20u9ts-8669b0d9066ca1ecb391dc88d52c4571 .special-heading-inner-border{\nborder-color:#161616;\n}\n.av-special-heading.av-20u9ts-8669b0d9066ca1ecb391dc88d52c4571 .av-subheading{\nfont-size:20px;\n}\n\n@media only screen and (min-width: 480px) and (max-width: 767px){ \n#top #wrap_all .av-special-heading.av-20u9ts-8669b0d9066ca1ecb391dc88d52c4571 .av-special-heading-tag{\nfont-size:0.8em;\n}\n}\n\n@media only screen and (max-width: 479px){ \n#top #wrap_all .av-special-heading.av-20u9ts-8669b0d9066ca1ecb391dc88d52c4571 .av-special-heading-tag{\nfont-size:0.8em;\n}\n}\n<\/style>\n<div  class='av-special-heading av-20u9ts-8669b0d9066ca1ecb391dc88d52c4571 av-special-heading-h2 custom-color-heading blockquote modern-quote  avia-builder-el-5  el_before_av_button_big  avia-builder-el-no-sibling  av-inherit-size'><h2 class='av-special-heading-tag '  itemprop=\"headline\"  >Agust\u00edn Fern\u00e1ndez Paz a trav\u00e9s de su trabajo<\/h2><div class='av_custom_color av-subheading av-subheading_below'><p>Descubre este autor a trav\u00e9s de su obra escrita, su impronta internacional y sus reconocimientos en el \u00e1mbito mundial<\/p>\n<\/div><div class=\"special-heading-border\"><div class=\"special-heading-inner-border\"><\/div><\/div><\/div><br \/>\n<div  class='avia-button-wrap avia-button-center  avia-builder-el-6  el_after_av_heading  el_before_av_hr '>\n<style type=\"text\/css\" data-created_by=\"avia_inline_auto\" id=\"style-css-av-jksft4ay-ad2020e9f935746b8c5b48c9e48646cc\">\n#top #wrap_all .avia-button.av-jksft4ay-ad2020e9f935746b8c5b48c9e48646cc{\ncolor:#ffffff;\ntransition:all 0.4s ease-in-out;\n}\n#top #wrap_all .avia-button.av-jksft4ay-ad2020e9f935746b8c5b48c9e48646cc:hover{\ncolor:#ffffff;\ntransition:all 0.4s ease-in-out;\n}\n#top #wrap_all .avia-button.av-jksft4ay-ad2020e9f935746b8c5b48c9e48646cc .avia-svg-icon svg:first-child{\nfill:#ffffff;\nstroke:#ffffff;\n}\n#top #wrap_all .avia-button.av-jksft4ay-ad2020e9f935746b8c5b48c9e48646cc:hover .avia-svg-icon svg:first-child{\nfill:#ffffff;\nstroke:#ffffff;\n}\n<\/style>\n<a href='https:\/\/agustinfernandezpaz.gal\/es\/entrevistas-afp\/' class='avia-color-theme-color avia-button avia-button-fullwidth av-jksft4ay-ad2020e9f935746b8c5b48c9e48646cc avia-icon_select-no avia-color-theme-color'   aria-label=\"Entrevistas\"><span class='avia_iconbox_title' >Entrevistas<\/span><span class='avia_button_background avia-button avia-button-fullwidth avia-color-theme-color'><\/span><\/a><\/div><br \/>\n\n<style type=\"text\/css\" data-created_by=\"avia_inline_auto\" id=\"style-css-av-jksfu8d4-62c05d140e086e95446ecf8c7795c5f2\">\n#top .hr.hr-invisible.av-jksfu8d4-62c05d140e086e95446ecf8c7795c5f2{\nheight:10px;\n}\n<\/style>\n<div  class='hr av-jksfu8d4-62c05d140e086e95446ecf8c7795c5f2 hr-invisible  avia-builder-el-7  el_after_av_button_big  el_before_av_button_big  avia-builder-el-no-sibling '><span class='hr-inner '><span class=\"hr-inner-style\"><\/span><\/span><\/div><br \/>\n<div  class='avia-button-wrap avia-button-center  avia-builder-el-8  el_after_av_hr  el_before_av_hr '>\n<style type=\"text\/css\" data-created_by=\"avia_inline_auto\" id=\"style-css-av-jksft4ay-001b9f46a29648931727cb8f858f68b7\">\n#top #wrap_all .avia-button.av-jksft4ay-001b9f46a29648931727cb8f858f68b7{\ncolor:#ffffff;\ntransition:all 0.4s ease-in-out;\n}\n#top #wrap_all .avia-button.av-jksft4ay-001b9f46a29648931727cb8f858f68b7:hover{\ncolor:#ffffff;\ntransition:all 0.4s ease-in-out;\n}\n#top #wrap_all .avia-button.av-jksft4ay-001b9f46a29648931727cb8f858f68b7 .avia-svg-icon svg:first-child{\nfill:#ffffff;\nstroke:#ffffff;\n}\n#top #wrap_all .avia-button.av-jksft4ay-001b9f46a29648931727cb8f858f68b7:hover .avia-svg-icon svg:first-child{\nfill:#ffffff;\nstroke:#ffffff;\n}\n<\/style>\n<a href='https:\/\/agustinfernandezpaz.gal\/es\/ensayos\/' class='avia-color-theme-color avia-button avia-button-fullwidth av-jksft4ay-001b9f46a29648931727cb8f858f68b7 avia-icon_select-no avia-color-theme-color'   aria-label=\"Ensaios\"><span class='avia_iconbox_title' >Ensaios<\/span><span class='avia_button_background avia-button avia-button-fullwidth avia-color-theme-color'><\/span><\/a><\/div><br \/>\n\n<style type=\"text\/css\" data-created_by=\"avia_inline_auto\" id=\"style-css-av-jksfu8d4-62c05d140e086e95446ecf8c7795c5f2\">\n#top .hr.hr-invisible.av-jksfu8d4-62c05d140e086e95446ecf8c7795c5f2{\nheight:10px;\n}\n<\/style>\n<div  class='hr av-jksfu8d4-62c05d140e086e95446ecf8c7795c5f2 hr-invisible  avia-builder-el-9  el_after_av_button_big  el_before_av_button_big  avia-builder-el-no-sibling '><span class='hr-inner '><span class=\"hr-inner-style\"><\/span><\/span><\/div><br \/>\n<div  class='avia-button-wrap avia-button-center  avia-builder-el-10  el_after_av_hr  el_before_av_hr '>\n<style type=\"text\/css\" data-created_by=\"avia_inline_auto\" id=\"style-css-av-jksft4ay-2848ac32f24040db90fbdd4e9f341942\">\n#top #wrap_all .avia-button.av-jksft4ay-2848ac32f24040db90fbdd4e9f341942{\ncolor:#ffffff;\ntransition:all 0.4s ease-in-out;\n}\n#top #wrap_all .avia-button.av-jksft4ay-2848ac32f24040db90fbdd4e9f341942:hover{\ncolor:#ffffff;\ntransition:all 0.4s ease-in-out;\n}\n#top #wrap_all .avia-button.av-jksft4ay-2848ac32f24040db90fbdd4e9f341942 .avia-svg-icon svg:first-child{\nfill:#ffffff;\nstroke:#ffffff;\n}\n#top #wrap_all .avia-button.av-jksft4ay-2848ac32f24040db90fbdd4e9f341942:hover .avia-svg-icon svg:first-child{\nfill:#ffffff;\nstroke:#ffffff;\n}\n<\/style>\n<a href='https:\/\/agustinfernandezpaz.gal\/es\/premios-recibidos\/' class='avia-color-theme-color avia-button avia-button-fullwidth av-jksft4ay-2848ac32f24040db90fbdd4e9f341942 avia-icon_select-no avia-color-theme-color'   aria-label=\"Premios\"><span class='avia_iconbox_title' >Premios<\/span><span class='avia_button_background avia-button avia-button-fullwidth avia-color-theme-color'><\/span><\/a><\/div><br \/>\n\n<style type=\"text\/css\" data-created_by=\"avia_inline_auto\" id=\"style-css-av-jksfu8d4-62c05d140e086e95446ecf8c7795c5f2\">\n#top .hr.hr-invisible.av-jksfu8d4-62c05d140e086e95446ecf8c7795c5f2{\nheight:10px;\n}\n<\/style>\n<div  class='hr av-jksfu8d4-62c05d140e086e95446ecf8c7795c5f2 hr-invisible  avia-builder-el-11  el_after_av_button_big  el_before_av_button_big  avia-builder-el-no-sibling '><span class='hr-inner '><span class=\"hr-inner-style\"><\/span><\/span><\/div><br \/>\n<div  class='avia-button-wrap avia-button-center  avia-builder-el-12  el_after_av_hr  avia-builder-el-last '>\n<style type=\"text\/css\" data-created_by=\"avia_inline_auto\" id=\"style-css-av-jksft4ay-c21d18eaabfd021ed9c651f07b33cbcd\">\n#top #wrap_all .avia-button.av-jksft4ay-c21d18eaabfd021ed9c651f07b33cbcd{\ncolor:#ffffff;\ntransition:all 0.4s ease-in-out;\n}\n#top #wrap_all .avia-button.av-jksft4ay-c21d18eaabfd021ed9c651f07b33cbcd:hover{\ncolor:#ffffff;\ntransition:all 0.4s ease-in-out;\n}\n#top #wrap_all .avia-button.av-jksft4ay-c21d18eaabfd021ed9c651f07b33cbcd .avia-svg-icon svg:first-child{\nfill:#ffffff;\nstroke:#ffffff;\n}\n#top #wrap_all .avia-button.av-jksft4ay-c21d18eaabfd021ed9c651f07b33cbcd:hover .avia-svg-icon svg:first-child{\nfill:#ffffff;\nstroke:#ffffff;\n}\n<\/style>\n<a href='https:\/\/agustinfernandezpaz.gal\/es\/traducciones\/' class='avia-color-theme-color avia-button avia-button-fullwidth av-jksft4ay-c21d18eaabfd021ed9c651f07b33cbcd avia-icon_select-no avia-color-theme-color'   aria-label=\"Traducci\u00f3ns\"><span class='avia_iconbox_title' >Traducci\u00f3ns<\/span><span class='avia_button_background avia-button avia-button-fullwidth avia-color-theme-color'><\/span><\/a><\/div><\/p><\/div><\/div><!--close column table wrapper. Autoclose: 1 -->\n\n<\/div><\/div><\/main><!-- close content main element --><\/div><\/div><\/div>\n<style type=\"text\/css\" data-created_by=\"avia_inline_auto\" id=\"style-css-av-5dfmi5-a0379c3359d3d6a46078b35a3a53cd9c\">\n.avia-section.av-5dfmi5-a0379c3359d3d6a46078b35a3a53cd9c{\nbackground-color:#3a424d;\nbackground-image:unset;\n}\n<\/style>\n<div id='av_section_2'  class='avia-section av-5dfmi5-a0379c3359d3d6a46078b35a3a53cd9c main_color avia-section-large avia-no-border-styling  avia-builder-el-13  el_after_av_section  el_before_av_section  avia-bg-style-scroll container_wrap fullsize'  ><div class='container av-section-cont-open' ><div class='template-page content  av-content-full alpha units'><div class='post-entry post-entry-type-page post-entry-4768'><div class='entry-content-wrapper clearfix'>\n\n<style type=\"text\/css\" data-created_by=\"avia_inline_auto\" id=\"style-css-av-39b4xz-69540f4406b3deac48e3cfab0351c253\">\n.flex_column.av-39b4xz-69540f4406b3deac48e3cfab0351c253{\nborder-radius:0px 0px 0px 0px;\npadding:0px 0px 0px 0px;\n}\n<\/style>\n<div  class='flex_column av-39b4xz-69540f4406b3deac48e3cfab0351c253 av_one_third  avia-builder-el-14  el_before_av_one_third  avia-builder-el-first  first flex_column_div av-zero-column-padding avia-link-column av-column-link  '    data-link-column-url=\"https:\/\/agustinfernandezpaz.gal\/es\/edicionesns-originales\/\"   ><a class=\"av-screen-reader-only\" href=https:\/\/agustinfernandezpaz.gal\/es\/edicionesns-originales\/ >Link to: Ediciones originales<\/a><p>\n<style type=\"text\/css\" data-created_by=\"avia_inline_auto\" id=\"style-css-av-jksf5lbh-4158497a0d2a1a918860aca37c0e827b\">\n.av_font_icon.av-jksf5lbh-4158497a0d2a1a918860aca37c0e827b{\ncolor:#ffffff;\nborder-color:#ffffff;\n}\n.avia-svg-icon.av-jksf5lbh-4158497a0d2a1a918860aca37c0e827b svg:first-child{\nstroke:#ffffff;\nfill:#ffffff;\n}\n.av_font_icon.av-jksf5lbh-4158497a0d2a1a918860aca37c0e827b .av-icon-char{\nfont-size:70px;\nline-height:70px;\n}\n<\/style>\n<span  class='av_font_icon av-jksf5lbh-4158497a0d2a1a918860aca37c0e827b avia_animate_when_visible av-icon-style- avia-icon-pos-center avia-iconfont avia-font-flaticon avia-icon-animate'><span class='av-icon-char' data-av_icon='\uf106' data-av_iconfont='flaticon' aria-hidden=\"true\" ><\/span><\/span><br \/>\n\n<style type=\"text\/css\" data-created_by=\"avia_inline_auto\" id=\"style-css-av-63ec3k-0ce0fc2d653d3206e906af481901787c\">\n#top .av-special-heading.av-63ec3k-0ce0fc2d653d3206e906af481901787c{\npadding-bottom:10px;\ncolor:#ffffff;\n}\nbody .av-special-heading.av-63ec3k-0ce0fc2d653d3206e906af481901787c .av-special-heading-tag .heading-char{\nfont-size:25px;\n}\n.av-special-heading.av-63ec3k-0ce0fc2d653d3206e906af481901787c .special-heading-inner-border{\nborder-color:#ffffff;\n}\n.av-special-heading.av-63ec3k-0ce0fc2d653d3206e906af481901787c .av-subheading{\nfont-size:20px;\n}\n<\/style>\n<div  class='av-special-heading av-63ec3k-0ce0fc2d653d3206e906af481901787c av-special-heading-h2 custom-color-heading blockquote modern-quote modern-centered  avia-builder-el-16  el_after_av_font_icon  avia-builder-el-last '><h2 class='av-special-heading-tag '  itemprop=\"headline\"  >Bibliograf\u00eda del Autor<\/h2><div class='av_custom_color av-subheading av-subheading_below'><p>Consulta la bibliograf\u00eda del autor (ediciones originales)<\/p>\n<\/div><div class=\"special-heading-border\"><div class=\"special-heading-inner-border\"><\/div><\/div><\/div><\/p><\/div>\n<style type=\"text\/css\" data-created_by=\"avia_inline_auto\" id=\"style-css-av-39b4xz-b2cba67f1b432b35a8bf09478313f94c\">\n.flex_column.av-39b4xz-b2cba67f1b432b35a8bf09478313f94c{\nborder-radius:0px 0px 0px 0px;\npadding:0px 0px 0px 0px;\n}\n<\/style>\n<div  class='flex_column av-39b4xz-b2cba67f1b432b35a8bf09478313f94c av_one_third  avia-builder-el-17  el_after_av_one_third  el_before_av_one_third  flex_column_div av-zero-column-padding avia-link-column av-column-link  '    data-link-column-url=\"https:\/\/agustinfernandezpaz.gal\/es\/cronologia\/\"   ><a class=\"av-screen-reader-only\" href=https:\/\/agustinfernandezpaz.gal\/es\/cronologia\/ >Link to: Cronolog\u00eda<\/a><p>\n<style type=\"text\/css\" data-created_by=\"avia_inline_auto\" id=\"style-css-av-jksf5lbh-276378649aec34f63b9986ef0a8aba96\">\n.av_font_icon.av-jksf5lbh-276378649aec34f63b9986ef0a8aba96{\ncolor:#ffffff;\nborder-color:#ffffff;\n}\n.avia-svg-icon.av-jksf5lbh-276378649aec34f63b9986ef0a8aba96 svg:first-child{\nstroke:#ffffff;\nfill:#ffffff;\n}\n.av_font_icon.av-jksf5lbh-276378649aec34f63b9986ef0a8aba96 .av-icon-char{\nfont-size:70px;\nline-height:70px;\n}\n<\/style>\n<span  class='av_font_icon av-jksf5lbh-276378649aec34f63b9986ef0a8aba96 avia_animate_when_visible av-icon-style- avia-icon-pos-center avia-iconfont avia-font-flaticon avia-icon-animate'><span class='av-icon-char' data-av_icon='\uf10a' data-av_iconfont='flaticon' aria-hidden=\"true\" ><\/span><\/span><br \/>\n\n<style type=\"text\/css\" data-created_by=\"avia_inline_auto\" id=\"style-css-av-h9vxs-1ebb8d6aeff2a75e5feb81a85e3998db\">\n#top .av-special-heading.av-h9vxs-1ebb8d6aeff2a75e5feb81a85e3998db{\npadding-bottom:10px;\ncolor:#ffffff;\n}\nbody .av-special-heading.av-h9vxs-1ebb8d6aeff2a75e5feb81a85e3998db .av-special-heading-tag .heading-char{\nfont-size:25px;\n}\n.av-special-heading.av-h9vxs-1ebb8d6aeff2a75e5feb81a85e3998db .special-heading-inner-border{\nborder-color:#ffffff;\n}\n.av-special-heading.av-h9vxs-1ebb8d6aeff2a75e5feb81a85e3998db .av-subheading{\nfont-size:20px;\n}\n<\/style>\n<div  class='av-special-heading av-h9vxs-1ebb8d6aeff2a75e5feb81a85e3998db av-special-heading-h2 custom-color-heading blockquote modern-quote modern-centered  avia-builder-el-19  el_after_av_font_icon  avia-builder-el-last '><h2 class='av-special-heading-tag '  itemprop=\"headline\"  >Cronolog\u00eda del Autor<\/h2><div class='av_custom_color av-subheading av-subheading_below'><p>Conoce la trayectoria vital del autor a trav\u00e9s de una l\u00ednea temporal multimedia<\/p>\n<\/div><div class=\"special-heading-border\"><div class=\"special-heading-inner-border\"><\/div><\/div><\/div><\/p><\/div>\n<style type=\"text\/css\" data-created_by=\"avia_inline_auto\" id=\"style-css-av-39b4xz-6943e684da1491b1a432af9920a751b2\">\n.flex_column.av-39b4xz-6943e684da1491b1a432af9920a751b2{\nborder-radius:0px 0px 0px 0px;\npadding:0px 0px 0px 0px;\n}\n<\/style>\n<div  class='flex_column av-39b4xz-6943e684da1491b1a432af9920a751b2 av_one_third  avia-builder-el-20  el_after_av_one_third  avia-builder-el-last  flex_column_div av-zero-column-padding avia-link-column av-column-link  '    data-link-column-url=\"https:\/\/agustinfernandezpaz.gal\/es\/publicaciones\/\"   ><a class=\"av-screen-reader-only\" href=https:\/\/agustinfernandezpaz.gal\/es\/publicaciones\/ >Link to: Publicaciones<\/a><p>\n<style type=\"text\/css\" data-created_by=\"avia_inline_auto\" id=\"style-css-av-jksf5lbh-4f1a762066736417cf1d09c77daafe01\">\n.av_font_icon.av-jksf5lbh-4f1a762066736417cf1d09c77daafe01{\ncolor:#ffffff;\nborder-color:#ffffff;\n}\n.avia-svg-icon.av-jksf5lbh-4f1a762066736417cf1d09c77daafe01 svg:first-child{\nstroke:#ffffff;\nfill:#ffffff;\n}\n.av_font_icon.av-jksf5lbh-4f1a762066736417cf1d09c77daafe01 .av-icon-char{\nfont-size:70px;\nline-height:70px;\n}\n<\/style>\n<span  class='av_font_icon av-jksf5lbh-4f1a762066736417cf1d09c77daafe01 avia_animate_when_visible av-icon-style- avia-icon-pos-center avia-iconfont avia-font-flaticon avia-icon-animate'><span class='av-icon-char' data-av_icon='\uf10e' data-av_iconfont='flaticon' aria-hidden=\"true\" ><\/span><\/span><br \/>\n\n<style type=\"text\/css\" data-created_by=\"avia_inline_auto\" id=\"style-css-av-2fm928-a16e6cbffa0477a7ec2039832a93c23d\">\n#top .av-special-heading.av-2fm928-a16e6cbffa0477a7ec2039832a93c23d{\npadding-bottom:10px;\ncolor:#ffffff;\n}\nbody .av-special-heading.av-2fm928-a16e6cbffa0477a7ec2039832a93c23d .av-special-heading-tag .heading-char{\nfont-size:25px;\n}\n.av-special-heading.av-2fm928-a16e6cbffa0477a7ec2039832a93c23d .special-heading-inner-border{\nborder-color:#ffffff;\n}\n.av-special-heading.av-2fm928-a16e6cbffa0477a7ec2039832a93c23d .av-subheading{\nfont-size:20px;\n}\n<\/style>\n<div  class='av-special-heading av-2fm928-a16e6cbffa0477a7ec2039832a93c23d av-special-heading-h2 custom-color-heading blockquote modern-quote modern-centered  avia-builder-el-22  el_after_av_font_icon  avia-builder-el-last '><h2 class='av-special-heading-tag '  itemprop=\"headline\"  >Publicaciones del Autor<\/h2><div class='av_custom_color av-subheading av-subheading_below'><p>Libro a libro descubre las publicaciones de Agust\u00edn Fern\u00e1ndez Paz<\/p>\n<\/div><div class=\"special-heading-border\"><div class=\"special-heading-inner-border\"><\/div><\/div><\/div><\/p><\/div>\n\n<\/div><\/div><\/div><!-- close content main div --><\/div><\/div>\n<style type=\"text\/css\" data-created_by=\"avia_inline_auto\" id=\"style-css-av-5dfmi5-02d03747000e9cc5d524234f4350b782\">\n.avia-section.av-5dfmi5-02d03747000e9cc5d524234f4350b782{\nbackground-color:#f7f7f7;\nbackground-image:unset;\n}\n<\/style>\n<div id='av_section_3'  class='avia-section av-5dfmi5-02d03747000e9cc5d524234f4350b782 main_color avia-section-large avia-no-border-styling  avia-builder-el-23  el_after_av_section  avia-builder-el-last  avia-bg-style-scroll container_wrap fullsize'  ><div class='container av-section-cont-open' ><div class='template-page content  av-content-full alpha units'><div class='post-entry post-entry-type-page post-entry-4768'><div class='entry-content-wrapper clearfix'>\n\n<style type=\"text\/css\" data-created_by=\"avia_inline_auto\" id=\"style-css-av-jkseu9xv-ac50c95180c0b3d38dac711c2df2c4f0\">\n#top .av-special-heading.av-jkseu9xv-ac50c95180c0b3d38dac711c2df2c4f0{\npadding-bottom:10px;\nfont-size:35px;\n}\nbody .av-special-heading.av-jkseu9xv-ac50c95180c0b3d38dac711c2df2c4f0 .av-special-heading-tag .heading-char{\nfont-size:25px;\n}\n#top #wrap_all .av-special-heading.av-jkseu9xv-ac50c95180c0b3d38dac711c2df2c4f0 .av-special-heading-tag{\nfont-size:35px;\n}\n.av-special-heading.av-jkseu9xv-ac50c95180c0b3d38dac711c2df2c4f0 .av-subheading{\nfont-size:20px;\n}\n\n@media only screen and (min-width: 480px) and (max-width: 767px){ \n#top #wrap_all .av-special-heading.av-jkseu9xv-ac50c95180c0b3d38dac711c2df2c4f0 .av-special-heading-tag{\nfont-size:0.8em;\n}\n}\n\n@media only screen and (max-width: 479px){ \n#top #wrap_all .av-special-heading.av-jkseu9xv-ac50c95180c0b3d38dac711c2df2c4f0 .av-special-heading-tag{\nfont-size:0.8em;\n}\n}\n<\/style>\n<div  class='av-special-heading av-jkseu9xv-ac50c95180c0b3d38dac711c2df2c4f0 av-special-heading-h3 blockquote modern-quote  avia-builder-el-24  el_before_av_image  avia-builder-el-first  av-inherit-size'><h3 class='av-special-heading-tag '  itemprop=\"headline\"  ><span class='special_amp'>\u201c<\/span> Porque ese \u00e9 o destino que desexo para min: ser a Merla Vella que lles fala aos merli\u00f1os na hora do solpor. Quero aprenderlles os nomes das cousas, contarlles as historias m\u00e1is fermosas, facelos rir e emocionarse cos meus relatos. Ser\u00e1 o meu xeito de descubrirlles todas as marabillas que a vida garda para n\u00f3s. E as\u00ed seguirei vivindo durante moito tempo na memoria dos outros.<span class='special_amp'>\u201d<\/span><\/h3><div class=\"special-heading-border\"><div class=\"special-heading-inner-border\"><\/div><\/div><\/div>\n\n<style type=\"text\/css\" data-created_by=\"avia_inline_auto\" id=\"style-css-av-jkseuwh4-c1d21f8854f6a0c1dc84f709e2cb86b0\">\n.avia-image-container.av-jkseuwh4-c1d21f8854f6a0c1dc84f709e2cb86b0 img.avia_image{\nbox-shadow:none;\n}\n.avia-image-container.av-jkseuwh4-c1d21f8854f6a0c1dc84f709e2cb86b0 .av-image-caption-overlay-center{\ncolor:#ffffff;\n}\n<\/style>\n<div  class='avia-image-container av-jkseuwh4-c1d21f8854f6a0c1dc84f709e2cb86b0 av-styling- avia-align-left  avia-builder-el-25  el_after_av_heading  avia-builder-el-last '   itemprop=\"image\" itemscope=\"itemscope\" itemtype=\"https:\/\/schema.org\/ImageObject\" ><div class=\"avia-image-container-inner\"><div class=\"avia-image-overlay-wrap\"><img decoding=\"async\" fetchpriority=\"high\" class='wp-image-17234 avia-img-lazy-loading-not-17234 avia_image ' src=\"https:\/\/agustinfernandezpaz.gal\/wp-content\/uploads\/2018\/08\/sinatura-afp-300x131.png\" alt='' title='sinatura-afp'  height=\"131\" width=\"300\"  itemprop=\"thumbnailUrl\" srcset=\"https:\/\/agustinfernandezpaz.gal\/wp-content\/uploads\/2018\/08\/sinatura-afp-300x131.png 300w, https:\/\/agustinfernandezpaz.gal\/wp-content\/uploads\/2018\/08\/sinatura-afp-768x336.png 768w, https:\/\/agustinfernandezpaz.gal\/wp-content\/uploads\/2018\/08\/sinatura-afp-1030x451.png 1030w, https:\/\/agustinfernandezpaz.gal\/wp-content\/uploads\/2018\/08\/sinatura-afp-705x308.png 705w, https:\/\/agustinfernandezpaz.gal\/wp-content\/uploads\/2018\/08\/sinatura-afp-450x197.png 450w, https:\/\/agustinfernandezpaz.gal\/wp-content\/uploads\/2018\/08\/sinatura-afp-530x232.png 530w, https:\/\/agustinfernandezpaz.gal\/wp-content\/uploads\/2018\/08\/sinatura-afp-110x48.png 110w, https:\/\/agustinfernandezpaz.gal\/wp-content\/uploads\/2018\/08\/sinatura-afp.png 1287w\" sizes=\"(max-width: 300px) 100vw, 300px\" \/><\/div><\/div><\/div>\n\n","protected":false},"excerpt":{"rendered":"","protected":false},"author":1,"featured_media":0,"parent":0,"menu_order":0,"comment_status":"closed","ping_status":"closed","template":"","meta":{"footnotes":""},"class_list":["post-4768","page","type-page","status-publish","hentry"],"_links":{"self":[{"href":"https:\/\/agustinfernandezpaz.gal\/es\/wp-json\/wp\/v2\/pages\/4768","targetHints":{"allow":["GET"]}}],"collection":[{"href":"https:\/\/agustinfernandezpaz.gal\/es\/wp-json\/wp\/v2\/pages"}],"about":[{"href":"https:\/\/agustinfernandezpaz.gal\/es\/wp-json\/wp\/v2\/types\/page"}],"author":[{"embeddable":true,"href":"https:\/\/agustinfernandezpaz.gal\/es\/wp-json\/wp\/v2\/users\/1"}],"replies":[{"embeddable":true,"href":"https:\/\/agustinfernandezpaz.gal\/es\/wp-json\/wp\/v2\/comments?post=4768"}],"version-history":[{"count":5,"href":"https:\/\/agustinfernandezpaz.gal\/es\/wp-json\/wp\/v2\/pages\/4768\/revisions"}],"predecessor-version":[{"id":18998,"href":"https:\/\/agustinfernandezpaz.gal\/es\/wp-json\/wp\/v2\/pages\/4768\/revisions\/18998"}],"wp:attachment":[{"href":"https:\/\/agustinfernandezpaz.gal\/es\/wp-json\/wp\/v2\/media?parent=4768"}],"curies":[{"name":"wp","href":"https:\/\/api.w.org\/{rel}","templated":true}]}}