{"id":5049,"date":"2012-09-11T10:11:56","date_gmt":"2012-09-11T10:11:56","guid":{"rendered":"https:\/\/agustinfernandezpaz.gal\/?page_id=5049"},"modified":"2012-10-16T10:19:56","modified_gmt":"2012-10-16T08:19:56","slug":"images","status":"publish","type":"page","link":"https:\/\/agustinfernandezpaz.gal\/en\/images\/","title":{"rendered":"Images"},"content":{"rendered":"<p>[one_fourth]<br \/>\n[frame_left src=&#8221;https:\/\/agustinfernandezpaz.gal\/wp-content\/uploads\/2012\/09\/1.jpeg&#8221; href=&#8221;https:\/\/agustinfernandezpaz.gal\/wp-content\/uploads\/2012\/09\/01_s.jpeg&#8221;]Os pais de Agust\u00edn Fern\u00e1ndez Paz. Primeiros anos corenta.[\/frame_left]<br \/>\n[\/one_fourth]<br \/>\n[one_fourth]<br \/>\n[frame_left src=&#8221;https:\/\/agustinfernandezpaz.gal\/wp-content\/uploads\/2012\/09\/2.jpeg&#8221; href=&#8221;https:\/\/agustinfernandezpaz.gal\/wp-content\/uploads\/2012\/09\/02_s.jpeg&#8221;]Na Escola Graduada de Vilalba. Aula de don F\u00e9lix. Entre 1955 e 1957.[\/frame_left]<br \/>\n[\/one_fourth]<br \/>\n[one_fourth]<br \/>\n[frame_left src=&#8221;https:\/\/agustinfernandezpaz.gal\/wp-content\/uploads\/2012\/09\/03.jpg&#8221; href=&#8221;https:\/\/agustinfernandezpaz.gal\/wp-content\/uploads\/2012\/09\/03_s.jpg&#8221;]Na alameda de Vilalba, co seu irm\u00e1n Lu\u00eds, o t\u00edo Roca e tres dos seus curm\u00e1ns.[\/frame_left]<br \/>\n[\/one_fourth]<br \/>\n[one_fourth_last]<br \/>\n[frame_left src=&#8221;https:\/\/agustinfernandezpaz.gal\/wp-content\/uploads\/2012\/09\/04.jpg&#8221; href=&#8221;https:\/\/agustinfernandezpaz.gal\/wp-content\/uploads\/2012\/09\/04_s.jpg&#8221;]Excursi\u00f3n a Covadonga. Curso 1961-62, na Universidade Laboral de Xix\u00f3n. [\/frame_left]<br \/>\n[\/one_fourth_last]<\/p>\n<hr \/>\n<p>[one_fourth]<br \/>\n[frame_left src=&#8221;https:\/\/agustinfernandezpaz.gal\/wp-content\/uploads\/2012\/09\/05.jpg&#8221; href=&#8221;https:\/\/agustinfernandezpaz.gal\/wp-content\/uploads\/2012\/09\/05_s.jpg&#8221;]Trip to Los Lagos, with more friends from the Laboral. Easter 1963.[\/frame_left]<br \/>\n[\/one_fourth]<br \/>\n[one_fourth]<br \/>\n[frame_left src=&#8221;https:\/\/agustinfernandezpaz.gal\/wp-content\/uploads\/2012\/09\/06.jpg&#8221; href=&#8221;https:\/\/agustinfernandezpaz.gal\/wp-content\/uploads\/2012\/09\/06_s.jpg&#8221;]Shift work in the Universidad Laboral workshops. Class of 1963-64.[\/frame_left]<br \/>\n[\/one_fourth]<br \/>\n[one_fourth]<br \/>\n[frame_left src=&#8221;https:\/\/agustinfernandezpaz.gal\/wp-content\/uploads\/2012\/09\/07.jpg&#8221; href=&#8221;https:\/\/agustinfernandezpaz.gal\/wp-content\/uploads\/2012\/09\/07_s.jpg&#8221;]In Universidad Laboral. End of year 1963-64 photo. Agust\u00edn is in the first row, third from the rigth.[\/frame_left]<br \/>\n[\/one_fourth]<br \/>\n[one_fourth_last]<br \/>\n[frame_left src=&#8221;https:\/\/agustinfernandezpaz.gal\/wp-content\/uploads\/2012\/09\/08.jpg&#8221; href=&#8221;https:\/\/agustinfernandezpaz.gal\/wp-content\/uploads\/2012\/09\/08_s.jpg&#8221;]In Vilalba, in the procession for the Guadalupe Virgin, with a group of friends.[\/frame_left]<br \/>\n[\/one_fourth_last]<\/p>\n<hr \/>\n<p>[one_fourth]<br \/>\n[frame_left src=&#8221;https:\/\/agustinfernandezpaz.gal\/wp-content\/uploads\/2012\/09\/09.jpg&#8221; href=&#8221;https:\/\/agustinfernandezpaz.gal\/wp-content\/uploads\/2012\/09\/09_s.jpg&#8221;]At a festival in Xermade. Summer 1966.[\/frame_left]<br \/>\n[\/one_fourth]<br \/>\n[one_fourth]<br \/>\n[frame_left src=&#8221;https:\/\/agustinfernandezpaz.gal\/wp-content\/uploads\/2012\/09\/11.jpg&#8221; href=&#8221;https:\/\/agustinfernandezpaz.gal\/wp-content\/uploads\/2012\/09\/11_.jpg&#8221;]With his parents at the Universidad Laboral in Gijon. May 1966.[\/frame_left]<br \/>\n[\/one_fourth]<br \/>\n[one_fourth]<br \/>\n[frame_left src=&#8221;https:\/\/agustinfernandezpaz.gal\/wp-content\/uploads\/2012\/09\/12.jpg&#8221; href=&#8221;https:\/\/agustinfernandezpaz.gal\/wp-content\/uploads\/2012\/09\/12_s.jpg&#8221;]Agust\u00edn Fern\u00e1ndez Paz, in the Os Novos River, Vilalba, 1970.[\/frame_left]<br \/>\n[\/one_fourth]<br \/>\n[one_fourth_last]<br \/>\n[frame_left src=&#8221;https:\/\/agustinfernandezpaz.gal\/wp-content\/uploads\/2012\/09\/14.jpg&#8221; href=&#8221;https:\/\/agustinfernandezpaz.gal\/wp-content\/uploads\/2012\/09\/14_s.jpg&#8221;]With his 3rd year pupils from the \u201cRaquel Camacho\u201d Primary School. A Coru\u00f1a, June 1976.[\/frame_left]<br \/>\n[\/one_fourth_last]<\/p>\n<hr \/>\n<p>[one_fourth]<br \/>\n[frame_left src=&#8221;https:\/\/agustinfernandezpaz.gal\/wp-content\/uploads\/2012\/09\/15.jpg&#8221; href=&#8221;https:\/\/agustinfernandezpaz.gal\/wp-content\/uploads\/2012\/09\/15_s.jpg&#8221;]In Guernica during the 1977-78 course, at the commemoration of the 40th anniversary of the bombardment of the town by the German airforce.[\/frame_left]<br \/>\n[\/one_fourth]<br \/>\n[one_fourth]<br \/>\n[frame_left src=&#8221;https:\/\/agustinfernandezpaz.gal\/wp-content\/uploads\/2012\/09\/16.jpg&#8221; href=&#8221;https:\/\/agustinfernandezpaz.gal\/wp-content\/uploads\/2012\/09\/16_s.jpg&#8221;]In Barcelona in 1989.[\/frame_left]<br \/>\n[\/one_fourth]<br \/>\n[one_fourth]<br \/>\n[frame_left src=&#8221;https:\/\/agustinfernandezpaz.gal\/wp-content\/uploads\/2012\/09\/18.jpg&#8221; href=&#8221;https:\/\/agustinfernandezpaz.gal\/wp-content\/uploads\/2012\/09\/18_s.jpg&#8221;]With his daughter Marina, playing on the Seselle beach (Ares).[\/frame_left]<br \/>\n[\/one_fourth]<br \/>\n[one_fourth_last]<br \/>\n[frame_left src=&#8221;https:\/\/agustinfernandezpaz.gal\/wp-content\/uploads\/2012\/09\/19.jpg&#8221; href=&#8221;https:\/\/agustinfernandezpaz.gal\/wp-content\/uploads\/2012\/09\/19_s.jpg&#8221;]At the IBBY Congress (Seville, 1994). From right to left: Agust\u00edn, Paula Carballeira, J. Vitorio Nogueira, M. Carme Bar, Xabier P. DoCampo y M. Xes\u00fas Fern\u00e1ndez.[\/frame_left]<br \/>\n[\/one_fourth_last]<\/p>\n<hr \/>\n<p>[one_fourth]<br \/>\n[frame_left src=&#8221;https:\/\/agustinfernandezpaz.gal\/wp-content\/uploads\/2012\/09\/20.jpg&#8221; href=&#8221;https:\/\/agustinfernandezpaz.gal\/wp-content\/uploads\/2012\/09\/20_s.jpg&#8221;]In front of the Andersen statue in Copenhagen. April 2006.[\/frame_left]<br \/>\n[\/one_fourth]<br \/>\n[one_fourth]<br \/>\n[frame_left src=&#8221;https:\/\/agustinfernandezpaz.gal\/wp-content\/uploads\/2012\/09\/21.jpg&#8221; href=&#8221;https:\/\/agustinfernandezpaz.gal\/wp-content\/uploads\/2012\/09\/21_s.jpg&#8221;]Next to the Little Mermaid in Copenhagen. April 2006.[\/frame_left]<br \/>\n[\/one_fourth]<br \/>\n[one_fourth]<br \/>\n[frame_left src=&#8221;https:\/\/agustinfernandezpaz.gal\/wp-content\/uploads\/2012\/09\/22.jpg&#8221; href=&#8221;https:\/\/agustinfernandezpaz.gal\/wp-content\/uploads\/2012\/09\/22_s.jpg&#8221;]Planting a camellia with his students from \u201cRosais 2\u201d Secondary School, in his farewell as a teacher. 2007.[\/frame_left]<br \/>\n[\/one_fourth]<br \/>\n[one_fourth_last]<br \/>\n[frame_left src=&#8221;https:\/\/agustinfernandezpaz.gal\/wp-content\/uploads\/2012\/09\/23.jpg&#8221; href=&#8221;https:\/\/agustinfernandezpaz.gal\/wp-content\/uploads\/2012\/09\/23_s.jpg&#8221;]At the \u201cMas Canosa\u201d school in Miami, after meeting with the student body. 2008.[\/frame_left]<br \/>\n[\/one_fourth_last]<\/p>\n<hr \/>\n<p>[one_fourth]<br \/>\n[frame_left src=&#8221;https:\/\/agustinfernandezpaz.gal\/wp-content\/uploads\/2012\/09\/24.jpg&#8221; href=&#8221;https:\/\/agustinfernandezpaz.gal\/wp-content\/uploads\/2012\/09\/24_s.jpg&#8221;]Writing at his work desk in his house in Vigo in 2008.[\/frame_left]<br \/>\n[\/one_fourth]<br \/>\n[one_fourth]<br \/>\n[frame_left src=&#8221;https:\/\/agustinfernandezpaz.gal\/wp-content\/uploads\/2012\/09\/25.jpg&#8221; href=&#8221;https:\/\/agustinfernandezpaz.gal\/wp-content\/uploads\/2012\/09\/25_s.jpg&#8221;]Receiving the National Award in Teruel for <em>O \u00fanico que queda \u00e9 o amor (Nothing Really Matters in Life More Than Love)<\/em>. July 2008.[\/frame_left]<br \/>\n[\/one_fourth]<br \/>\n[one_fourth]<br \/>\n[frame_left src=&#8221;https:\/\/agustinfernandezpaz.gal\/wp-content\/uploads\/2012\/09\/27.jpg&#8221; href=&#8221;https:\/\/agustinfernandezpaz.gal\/wp-content\/uploads\/2012\/09\/27_s.jpg&#8221;]In the \u201cPassage of Dreams\u201d in Vilalba at the inauguration of a sculpture dedicated to his work. December, 2008.[\/frame_left]<br \/>\n[\/one_fourth]<br \/>\n[one_fourth_last]<br \/>\n[frame_left src=&#8221;https:\/\/agustinfernandezpaz.gal\/wp-content\/uploads\/2012\/09\/28.jpg&#8221; href=&#8221;https:\/\/agustinfernandezpaz.gal\/wp-content\/uploads\/2012\/09\/28_s.jpg&#8221;]With Jules Verne in Vigo. 2009.[\/frame_left]<br \/>\n[\/one_fourth_last]<\/p>\n<hr \/>\n<p>[one_fourth]<br \/>\n[frame_left src=&#8221;https:\/\/agustinfernandezpaz.gal\/wp-content\/uploads\/2012\/09\/29.jpg&#8221; href=&#8221;https:\/\/agustinfernandezpaz.gal\/wp-content\/uploads\/2012\/09\/29_s.jpg&#8221;]Inauguration of the \u201cAgust\u00edn Fern\u00e1ndez Paz\u201d Library at the \u201cAuga da Laxe\u201d Secondary School (Gondomar). 31st March, 2009.[\/frame_left]<br \/>\n[\/one_fourth]<br \/>\n[one_fourth]<br \/>\n[frame_left src=&#8221;https:\/\/agustinfernandezpaz.gal\/wp-content\/uploads\/2012\/09\/30.jpg&#8221; href=&#8221;https:\/\/agustinfernandezpaz.gal\/wp-content\/uploads\/2012\/09\/30_s.jpg&#8221;]Collecting the \u201cLetra E\u201d Award, given by the Galician Language Writers\u2019 Association in recognition of his career. 2009.[\/frame_left]<br \/>\n[\/one_fourth]<br \/>\n[one_fourth]<br \/>\n[frame_left src=&#8221;https:\/\/agustinfernandezpaz.gal\/wp-content\/uploads\/2012\/09\/31.jpg&#8221; href=&#8221;https:\/\/agustinfernandezpaz.gal\/wp-content\/uploads\/2012\/09\/31_s.jpg&#8221;]On the Isle of San Sim\u00f3n, 6th June, 2009, delivering a speech for the celebration of the 26th Xerais Awards.[\/frame_left]<br \/>\n[\/one_fourth]<br \/>\n[one_fourth_last]<br \/>\n[frame_left src=&#8221;https:\/\/agustinfernandezpaz.gal\/wp-content\/uploads\/2012\/09\/32.jpg&#8221; href=&#8221;https:\/\/agustinfernandezpaz.gal\/wp-content\/uploads\/2012\/09\/32_s.jpg&#8221;]With his sister Tita before the monument erected as an homage \u201cO escritor na s\u00faa terra\u201d (\u2018The Writer in His Own Land\u2019) from the Galician Language Writers\u2019 Association. Vilalba, 20th June, 2009.[\/frame_left]<br \/>\n[\/one_fourth_last]<\/p>\n<hr \/>\n<p>[one_fourth]<br \/>\n[frame_left src=&#8221;https:\/\/agustinfernandezpaz.gal\/wp-content\/uploads\/2012\/09\/34.jpg&#8221; href=&#8221;https:\/\/agustinfernandezpaz.gal\/wp-content\/uploads\/2012\/09\/34_s.jpg&#8221;]Planting a birch tree at the same dedication, \u201cO escritor na s\u00faa terra\u201d.[\/frame_left]<br \/>\n[\/one_fourth]<br \/>\n[one_fourth]<br \/>\n[frame_left src=&#8221;https:\/\/agustinfernandezpaz.gal\/wp-content\/uploads\/2012\/09\/36.jpg&#8221; href=&#8221;https:\/\/agustinfernandezpaz.gal\/wp-content\/uploads\/2012\/09\/36_s.jpg&#8221;]With Xavier P. Docampo and Paco Mart\u00edn, the other two members of the so-called \u201cLamote generation\u201d. Lugo, 2009.[\/frame_left]<br \/>\n[\/one_fourth]<br \/>\n[one_fourth]<br \/>\n[frame_left src=&#8221;https:\/\/agustinfernandezpaz.gal\/wp-content\/uploads\/2012\/09\/37.jpg&#8221; href=&#8221;https:\/\/agustinfernandezpaz.gal\/wp-content\/uploads\/2012\/09\/37_s.jpg&#8221;]A sample of the writer\u2019s handwritten work in his characteristic yellow notebooks.[\/frame_left]<br \/>\n[\/one_fourth]<br \/>\n[one_fourth_last]<br \/>\n[frame_left src=&#8221;https:\/\/agustinfernandezpaz.gal\/wp-content\/uploads\/2012\/09\/38.jpg&#8221; href=&#8221;https:\/\/agustinfernandezpaz.gal\/wp-content\/uploads\/2012\/09\/38_s.jpg&#8221;]Speech at the VII SM Iberoamericano Award Ceremony at the International Book Fair in Guadalajara (Mexico). December, 2011.[\/frame_left]<br \/>\n[\/one_fourth_last]<\/p>\n<hr \/>\n<p>[one_fourth]<br \/>\n[frame_left src=&#8221;https:\/\/agustinfernandezpaz.gal\/wp-content\/uploads\/2012\/09\/39.jpg&#8221; href=&#8221;https:\/\/agustinfernandezpaz.gal\/wp-content\/uploads\/2012\/09\/39_s.jpg&#8221;]In Vigo, next to the old Rectory with Manuel Bragado, Inmaculada Reino and Celia Torres.[\/frame_left]<\/p>\n<p>[\/one_fourth]<br \/>\n[one_fourth]<br \/>\n[frame_left src=&#8221;https:\/\/agustinfernandezpaz.gal\/wp-content\/uploads\/2012\/09\/40.jpg&#8221; href=&#8221;https:\/\/agustinfernandezpaz.gal\/wp-content\/uploads\/2012\/09\/40_s.jpg&#8221;]With Jordi Sierra i Fabra at the Bologna International Book Fair, in 2005 when Spain was the guest country.[\/frame_left]<\/p>\n<p>[\/one_fourth]<br \/>\n[one_fourth]<br \/>\n[frame_left src=&#8221;https:\/\/agustinfernandezpaz.gal\/wp-content\/uploads\/2012\/09\/41.jpg&#8221; href=&#8221;https:\/\/agustinfernandezpaz.gal\/wp-content\/uploads\/2012\/09\/41_s.jpg&#8221;]Signing books at the Havana Book Fair, in 2008 when Galicia was the guest country.[\/frame_left]<\/p>\n<p>[\/one_fourth]<br \/>\n[one_fourth_last]<br \/>\n[frame_left src=&#8221;https:\/\/agustinfernandezpaz.gal\/wp-content\/uploads\/2012\/09\/42.jpg&#8221; href=&#8221;https:\/\/agustinfernandezpaz.gal\/wp-content\/uploads\/2012\/09\/42_s.jpg&#8221;]With Manuel Bragado and Xabier P. DoCampo at the supper for the AELG Award ceremony (2010).[\/frame_left]<\/p>\n<p>[\/one_fourth_last]<\/p>\n<hr \/>\n<p>[one_fourth]<br \/>\n[frame_left src=&#8221;https:\/\/agustinfernandezpaz.gal\/wp-content\/uploads\/2012\/09\/43.jpg&#8221; href=&#8221;https:\/\/agustinfernandezpaz.gal\/wp-content\/uploads\/2012\/09\/43_s.jpg&#8221;]With Xavier P. DoCampo in Santiago de Compostela, on a balcony in the Xelmirez Palace with the Plaza del Obradoiro in the background.[\/frame_left]<\/p>\n<p>[\/one_fourth]<br \/>\n[one_fourth]<br \/>\n[frame_left src=&#8221;https:\/\/agustinfernandezpaz.gal\/wp-content\/uploads\/2012\/09\/44.jpg&#8221; href=&#8221;https:\/\/agustinfernandezpaz.gal\/wp-content\/uploads\/2012\/09\/44_s.jpg&#8221;]On the top of the Round Tower, famous for its spiral ramp, with the city of Copenhagen in the background.[\/frame_left]<\/p>\n<p>[\/one_fourth]<br \/>\n[one_fourth]<br \/>\n[frame_left src=&#8221;https:\/\/agustinfernandezpaz.gal\/wp-content\/uploads\/2012\/09\/452.jpg&#8221; href=&#8221;https:\/\/agustinfernandezpaz.gal\/wp-content\/uploads\/2012\/09\/45_s.jpg&#8221;]Photo for the book <em>Coci\u00f1anado ao p\u00e9 da letra<\/em>, by Yolanda Casta\u00f1o and Andrea Costas. AFP is in front of a fountain of false ears made from the pages of a manuscript. [\/frame_left]<\/p>\n<p>[\/one_fourth]<br \/>\n[one_fourth_last]<br \/>\n[frame_left src=&#8221;https:\/\/agustinfernandezpaz.gal\/wp-content\/uploads\/2012\/09\/46.jpg&#8221; href=&#8221;https:\/\/agustinfernandezpaz.gal\/wp-content\/uploads\/2012\/09\/46_s.jpg&#8221;]Interviewed by Rosa Aneiros during the Guadalajara International Book Fair (Mexico) in 2011.[\/frame_left]<\/p>\n<p>[\/one_fourth_last]<\/p>\n","protected":false},"excerpt":{"rendered":"<p>[one_fourth] [frame_left src=&#8221;https:\/\/agustinfernandezpaz.gal\/wp-content\/uploads\/2012\/09\/1.jpeg&#8221; href=&#8221;https:\/\/agustinfernandezpaz.gal\/wp-content\/uploads\/2012\/09\/01_s.jpeg&#8221;]Os pais de Agust\u00edn Fern\u00e1ndez Paz. Primeiros anos corenta.[\/frame_left] [\/one_fourth] [one_fourth] [frame_left src=&#8221;https:\/\/agustinfernandezpaz.gal\/wp-content\/uploads\/2012\/09\/2.jpeg&#8221; href=&#8221;https:\/\/agustinfernandezpaz.gal\/wp-content\/uploads\/2012\/09\/02_s.jpeg&#8221;]Na Escola Graduada de Vilalba. Aula de don F\u00e9lix. Entre 1955 e 1957.[\/frame_left] [\/one_fourth] [one_fourth] [frame_left src=&#8221;https:\/\/agustinfernandezpaz.gal\/wp-content\/uploads\/2012\/09\/03.jpg&#8221; href=&#8221;https:\/\/agustinfernandezpaz.gal\/wp-content\/uploads\/2012\/09\/03_s.jpg&#8221;]Na alameda de Vilalba, co seu irm\u00e1n Lu\u00eds, o t\u00edo Roca e tres dos seus curm\u00e1ns.[\/frame_left] [\/one_fourth] [one_fourth_last] [frame_left src=&#8221;https:\/\/agustinfernandezpaz.gal\/wp-content\/uploads\/2012\/09\/04.jpg&#8221; href=&#8221;https:\/\/agustinfernandezpaz.gal\/wp-content\/uploads\/2012\/09\/04_s.jpg&#8221;]Excursi\u00f3n a [&hellip;]<\/p>\n","protected":false},"author":1,"featured_media":0,"parent":0,"menu_order":0,"comment_status":"open","ping_status":"open","template":"page_f.php","meta":{"footnotes":""},"class_list":["post-5049","page","type-page","status-publish","hentry"],"_links":{"self":[{"href":"https:\/\/agustinfernandezpaz.gal\/en\/wp-json\/wp\/v2\/pages\/5049","targetHints":{"allow":["GET"]}}],"collection":[{"href":"https:\/\/agustinfernandezpaz.gal\/en\/wp-json\/wp\/v2\/pages"}],"about":[{"href":"https:\/\/agustinfernandezpaz.gal\/en\/wp-json\/wp\/v2\/types\/page"}],"author":[{"embeddable":true,"href":"https:\/\/agustinfernandezpaz.gal\/en\/wp-json\/wp\/v2\/users\/1"}],"replies":[{"embeddable":true,"href":"https:\/\/agustinfernandezpaz.gal\/en\/wp-json\/wp\/v2\/comments?post=5049"}],"version-history":[{"count":0,"href":"https:\/\/agustinfernandezpaz.gal\/en\/wp-json\/wp\/v2\/pages\/5049\/revisions"}],"wp:attachment":[{"href":"https:\/\/agustinfernandezpaz.gal\/en\/wp-json\/wp\/v2\/media?parent=5049"}],"curies":[{"name":"wp","href":"https:\/\/api.w.org\/{rel}","templated":true}]}}