{"id":5015,"date":"2012-09-11T08:12:29","date_gmt":"2012-09-11T08:12:29","guid":{"rendered":"https:\/\/agustinfernandezpaz.gal\/?page_id=5015"},"modified":"2018-07-27T14:51:38","modified_gmt":"2018-07-27T12:51:38","slug":"essays","status":"publish","type":"page","link":"https:\/\/agustinfernandezpaz.gal\/en\/essays\/","title":{"rendered":"Essays"},"content":{"rendered":"\n<style type=\"text\/css\" data-created_by=\"avia_inline_auto\" id=\"style-css-av-5dfmi5-121f5e6bf9287321b0587264570e7ef7\">\n.avia-section.av-5dfmi5-121f5e6bf9287321b0587264570e7ef7{\nbackground-color:#f7f7f7;\nbackground-image:unset;\n}\n<\/style>\n<div id='av_section_1'  class='avia-section av-5dfmi5-121f5e6bf9287321b0587264570e7ef7 main_color avia-section-default avia-no-border-styling  avia-builder-el-0  el_before_av_section  avia-builder-el-first  avia-bg-style-scroll container_wrap fullsize'  ><div class='container av-section-cont-open' ><main  role=\"main\" itemprop=\"mainContentOfPage\"  class='template-page content  av-content-full alpha units'><div class='post-entry post-entry-type-page post-entry-5015'><div class='entry-content-wrapper clearfix'>\n\n<style type=\"text\/css\" data-created_by=\"avia_inline_auto\" id=\"style-css-av-jk3r0ow7-2d36c82542910eef59ae4ef4bd59e9de\">\n#top .av-special-heading.av-jk3r0ow7-2d36c82542910eef59ae4ef4bd59e9de{\npadding-bottom:40px;\n}\nbody .av-special-heading.av-jk3r0ow7-2d36c82542910eef59ae4ef4bd59e9de .av-special-heading-tag .heading-char{\nfont-size:25px;\n}\n.av-special-heading.av-jk3r0ow7-2d36c82542910eef59ae4ef4bd59e9de .av-subheading{\nfont-size:15px;\n}\n<\/style>\n<div  class='av-special-heading av-jk3r0ow7-2d36c82542910eef59ae4ef4bd59e9de av-special-heading-h1 blockquote modern-quote  avia-builder-el-1  el_before_av_hr  avia-builder-el-first '><h1 class='av-special-heading-tag '  itemprop=\"headline\"  >Essays<\/h1><div class=\"special-heading-border\"><div class=\"special-heading-inner-border\"><\/div><\/div><\/div>\n\n<style type=\"text\/css\" data-created_by=\"avia_inline_auto\" id=\"style-css-av-jjo9sqpl-c123849a318f9e29435efff558c62180\">\n#top .hr.hr-invisible.av-jjo9sqpl-c123849a318f9e29435efff558c62180{\nmargin-top:-40px;\nheight:1px;\n}\n<\/style>\n<div  class='hr av-jjo9sqpl-c123849a318f9e29435efff558c62180 hr-invisible  avia-builder-el-2  el_after_av_heading  avia-builder-el-last '><span class='hr-inner '><span class=\"hr-inner-style\"><\/span><\/span><\/div>\n\n<\/div><\/div><\/main><!-- close content main element --><\/div><\/div><div id='av_section_2'  class='avia-section av-2u8vjp-2449a38d7a00b8b57a2965ddafbf3e25 main_color avia-section-default avia-no-border-styling  avia-builder-el-3  el_after_av_section  avia-builder-el-last  avia-bg-style-scroll container_wrap fullsize'  ><div class='container av-section-cont-open' ><div class='template-page content  av-content-full alpha units'><div class='post-entry post-entry-type-page post-entry-5015'><div class='entry-content-wrapper clearfix'>\n\n<style type=\"text\/css\" data-created_by=\"avia_inline_auto\" id=\"style-css-av-jjzd29x8-c3e35cd7a1ebe5c7121e72c7b90e762c\">\n.flex_column.av-jjzd29x8-c3e35cd7a1ebe5c7121e72c7b90e762c{\nborder-radius:0px 0px 0px 0px;\npadding:15px 15px 15px 15px;\nbackground-color:#f7f7f7;\n}\n<\/style>\n<div  class='flex_column av-jjzd29x8-c3e35cd7a1ebe5c7121e72c7b90e762c av_one_third  avia-builder-el-4  el_before_av_two_third  avia-builder-el-first  first flex_column_div  '     ><style type=\"text\/css\" data-created_by=\"avia_inline_auto\" id=\"style-css-av-jjzd1p8v-6d07e91b3a46fa58b5b14f1905225e4f\">\n.avia-image-container.av-jjzd1p8v-6d07e91b3a46fa58b5b14f1905225e4f img.avia_image{\nbox-shadow:none;\n}\n.avia-image-container.av-jjzd1p8v-6d07e91b3a46fa58b5b14f1905225e4f .av-caption-image-overlay-bg{\nopacity:0.4;\nbackground-color:#000000;\n}\n.avia-image-container.av-jjzd1p8v-6d07e91b3a46fa58b5b14f1905225e4f .av-image-caption-overlay-center{\ncolor:#ffffff;\n}\n<\/style>\n<div  class='avia-image-container av-jjzd1p8v-6d07e91b3a46fa58b5b14f1905225e4f av-styling- avia-align-center  avia-builder-el-5  avia-builder-el-no-sibling  noHover av-overlay-on-hover'   itemprop=\"image\" itemscope=\"itemscope\" itemtype=\"https:\/\/schema.org\/ImageObject\" ><div class=\"avia-image-container-inner\"><div class=\"avia-image-overlay-wrap\"><div class=\"av-image-caption-overlay\"><div class=\"av-caption-image-overlay-bg\"><\/div><div class=\"av-image-caption-overlay-position\"><div class=\"av-image-caption-overlay-center\"><p>Agust\u00edn Fern\u00e1ndez Paz<br \/>\nCC BY-SA Santos-D\u00edez<\/p>\n<\/div><\/div><\/div><img decoding=\"async\" fetchpriority=\"high\" class='wp-image-12665 avia-img-lazy-loading-not-12665 avia_image ' src=\"https:\/\/agustinfernandezpaz.gal\/wp-content\/uploads\/2018\/07\/4fa62d699359a-fpaz.jpg\" alt='Agust\u00edn Fern\u00e1ndez Paz CC BY-SA Santos-D\u00edez' title='4fa62d699359a-fpaz'  height=\"1045\" width=\"620\"  itemprop=\"thumbnailUrl\" srcset=\"https:\/\/agustinfernandezpaz.gal\/wp-content\/uploads\/2018\/07\/4fa62d699359a-fpaz.jpg 620w, https:\/\/agustinfernandezpaz.gal\/wp-content\/uploads\/2018\/07\/4fa62d699359a-fpaz-178x300.jpg 178w, https:\/\/agustinfernandezpaz.gal\/wp-content\/uploads\/2018\/07\/4fa62d699359a-fpaz-611x1030.jpg 611w, https:\/\/agustinfernandezpaz.gal\/wp-content\/uploads\/2018\/07\/4fa62d699359a-fpaz-418x705.jpg 418w, https:\/\/agustinfernandezpaz.gal\/wp-content\/uploads\/2018\/07\/4fa62d699359a-fpaz-450x758.jpg 450w, https:\/\/agustinfernandezpaz.gal\/wp-content\/uploads\/2018\/07\/4fa62d699359a-fpaz-530x893.jpg 530w, https:\/\/agustinfernandezpaz.gal\/wp-content\/uploads\/2018\/07\/4fa62d699359a-fpaz-110x185.jpg 110w\" sizes=\"(max-width: 620px) 100vw, 620px\" \/><\/div><\/div><\/div><\/div>\n<style type=\"text\/css\" data-created_by=\"avia_inline_auto\" id=\"style-css-av-2i5ryt-6cda0d8f6f2b6005e8f047032af2ab8f\">\n.flex_column.av-2i5ryt-6cda0d8f6f2b6005e8f047032af2ab8f{\nborder-radius:0px 0px 0px 0px;\npadding:0px 0px 0px 0px;\n}\n<\/style>\n<div  class='flex_column av-2i5ryt-6cda0d8f6f2b6005e8f047032af2ab8f av_two_third  avia-builder-el-6  el_after_av_one_third  avia-builder-el-last  flex_column_div av-zero-column-padding  '     ><div  id=\"avia-magazine-1\"  class='av-magazine av-jjzcy6sj-9eb0bbbf3fe6de037d0760b8f430ad4d  avia-builder-el-7  avia-builder-el-no-sibling   avia-builder-el-7  avia-builder-el-no-sibling ' ><div class='av-magazine-group sort_all'><article class='av-magazine-entry av-magazine-entry-id-11163 av-magazine-format-standard av-magazine-type-post av-magazine-entry-1 av-magazine-entry-small av-magazine-no-thumb'  itemscope=\"itemscope\" itemtype=\"https:\/\/schema.org\/CreativeWork\" ><div class=\"av-magazine-content-wrap\"><header class=\"entry-content-header\" aria-label=\"Post: As raz\u00f3ns do galego\"><time class='av-magazine-time updated'  itemprop=\"datePublished\" datetime=\"2015-05-18T13:22:16+02:00\" >18\/05\/2015<\/time><h3 class='av-magazine-title entry-title '  itemprop=\"headline\" ><a href='https:\/\/agustinfernandezpaz.gal\/en\/as-razons-do-galego\/' title='Link to: As raz\u00f3ns do galego'>As raz\u00f3ns do galego<\/a><\/h3><\/header><\/div><footer class=\"entry-footer\"><\/footer><\/article><article class='av-magazine-entry av-magazine-entry-id-9254 av-magazine-format-standard av-magazine-type-post av-magazine-entry-2 av-magazine-entry-small av-magazine-no-thumb'  itemscope=\"itemscope\" itemtype=\"https:\/\/schema.org\/CreativeWork\" ><div class=\"av-magazine-content-wrap\"><header class=\"entry-content-header\" aria-label=\"Post: Os tempos sombr\u00edos han quedar atr\u00e1s\"><time class='av-magazine-time updated'  itemprop=\"datePublished\" datetime=\"2013-04-30T11:15:48+02:00\" >30\/04\/2013<\/time><h3 class='av-magazine-title entry-title '  itemprop=\"headline\" ><a href='https:\/\/agustinfernandezpaz.gal\/en\/os-tempos-sombrios-han-quedar-atras\/' title='Link to: Os tempos sombr\u00edos han quedar atr\u00e1s'>Os tempos sombr\u00edos han quedar atr\u00e1s<\/a><\/h3><\/header><\/div><footer class=\"entry-footer\"><\/footer><\/article><article class='av-magazine-entry av-magazine-entry-id-5827 av-magazine-format-standard av-magazine-type-post av-magazine-entry-3 av-magazine-entry-small av-magazine-no-thumb'  itemscope=\"itemscope\" itemtype=\"https:\/\/schema.org\/CreativeWork\" ><div class=\"av-magazine-content-wrap\"><header class=\"entry-content-header\" aria-label=\"Post: Leer para transformar el mundo\"><time class='av-magazine-time updated'  itemprop=\"datePublished\" datetime=\"2012-09-17T08:40:04+02:00\" >17\/09\/2012<\/time><h3 class='av-magazine-title entry-title '  itemprop=\"headline\" ><a href='https:\/\/agustinfernandezpaz.gal\/en\/leer-para-transformar-el-mundo\/' title='Link to: Leer para transformar el mundo'>Leer para transformar el mundo<\/a><\/h3><\/header><\/div><footer class=\"entry-footer\"><\/footer><\/article><article class='av-magazine-entry av-magazine-entry-id-5691 av-magazine-format-standard av-magazine-type-post av-magazine-entry-4 av-magazine-entry-small av-magazine-no-thumb'  itemscope=\"itemscope\" itemtype=\"https:\/\/schema.org\/CreativeWork\" ><div class=\"av-magazine-content-wrap\"><header class=\"entry-content-header\" aria-label=\"Post: Oito doas para San Sim\u00f3n\"><time class='av-magazine-time updated'  itemprop=\"datePublished\" datetime=\"2012-09-13T16:08:49+02:00\" >13\/09\/2012<\/time><h3 class='av-magazine-title entry-title '  itemprop=\"headline\" ><a href='https:\/\/agustinfernandezpaz.gal\/en\/discurso-de-san-simon\/' title='Link to: Oito doas para San Sim\u00f3n'>Oito doas para San Sim\u00f3n<\/a><\/h3><\/header><\/div><footer class=\"entry-footer\"><\/footer><\/article><article class='av-magazine-entry av-magazine-entry-id-5684 av-magazine-format-standard av-magazine-type-post av-magazine-entry-5 av-magazine-entry-small av-magazine-no-thumb'  itemscope=\"itemscope\" itemtype=\"https:\/\/schema.org\/CreativeWork\" ><div class=\"av-magazine-content-wrap\"><header class=\"entry-content-header\" aria-label=\"Post: Do pasado e do futuro (Encrucillada)\"><time class='av-magazine-time updated'  itemprop=\"datePublished\" datetime=\"2012-09-13T15:56:25+02:00\" >13\/09\/2012<\/time><h3 class='av-magazine-title entry-title '  itemprop=\"headline\" ><a href='https:\/\/agustinfernandezpaz.gal\/en\/do-pasado-e-do-futuro-encrucillada\/' title='Link to: Do pasado e do futuro (Encrucillada)'>Do pasado e do futuro (Encrucillada)<\/a><\/h3><\/header><\/div><footer class=\"entry-footer\"><\/footer><\/article><article class='av-magazine-entry av-magazine-entry-id-5766 av-magazine-format-standard av-magazine-type-post av-magazine-entry-6 av-magazine-entry-small av-magazine-no-thumb'  itemscope=\"itemscope\" itemtype=\"https:\/\/schema.org\/CreativeWork\" ><div class=\"av-magazine-content-wrap\"><header class=\"entry-content-header\" aria-label=\"Post: Onde hai unha biblioteca hai unha luz\"><time class='av-magazine-time updated'  itemprop=\"datePublished\" datetime=\"2012-09-13T15:43:47+02:00\" >13\/09\/2012<\/time><h3 class='av-magazine-title entry-title '  itemprop=\"headline\" ><a href='https:\/\/agustinfernandezpaz.gal\/en\/manifesto-dia-da-biblioteca\/' title='Link to: Onde hai unha biblioteca hai unha luz'>Onde hai unha biblioteca hai unha luz<\/a><\/h3><\/header><\/div><footer class=\"entry-footer\"><\/footer><\/article><article class='av-magazine-entry av-magazine-entry-id-5705 av-magazine-format-standard av-magazine-type-post av-magazine-entry-7 av-magazine-entry-small av-magazine-no-thumb'  itemscope=\"itemscope\" itemtype=\"https:\/\/schema.org\/CreativeWork\" ><div class=\"av-magazine-content-wrap\"><header class=\"entry-content-header\" aria-label=\"Post: Desde outra mirada\"><time class='av-magazine-time updated'  itemprop=\"datePublished\" datetime=\"2012-09-13T10:27:48+02:00\" >13\/09\/2012<\/time><h3 class='av-magazine-title entry-title '  itemprop=\"headline\" ><a href='https:\/\/agustinfernandezpaz.gal\/en\/desde-outra-mirada\/' title='Link to: Desde outra mirada'>Desde outra mirada<\/a><\/h3><\/header><\/div><footer class=\"entry-footer\"><\/footer><\/article><article class='av-magazine-entry av-magazine-entry-id-5433 av-magazine-format-standard av-magazine-type-post av-magazine-entry-8 av-magazine-entry-small av-magazine-no-thumb'  itemscope=\"itemscope\" itemtype=\"https:\/\/schema.org\/CreativeWork\" ><div class=\"av-magazine-content-wrap\"><header class=\"entry-content-header\" aria-label=\"Post: Un lugar no mundo\"><time class='av-magazine-time updated'  itemprop=\"datePublished\" datetime=\"2012-09-12T15:19:07+02:00\" >12\/09\/2012<\/time><h3 class='av-magazine-title entry-title '  itemprop=\"headline\" ><a href='https:\/\/agustinfernandezpaz.gal\/en\/un-lugar-no-mundo\/' title='Link to: Un lugar no mundo'>Un lugar no mundo<\/a><\/h3><\/header><\/div><footer class=\"entry-footer\"><\/footer><\/article><article class='av-magazine-entry av-magazine-entry-id-5427 av-magazine-format-standard av-magazine-type-post av-magazine-entry-9 av-magazine-entry-small av-magazine-no-thumb'  itemscope=\"itemscope\" itemtype=\"https:\/\/schema.org\/CreativeWork\" ><div class=\"av-magazine-content-wrap\"><header class=\"entry-content-header\" aria-label=\"Post: Agua de beber\"><time class='av-magazine-time updated'  itemprop=\"datePublished\" datetime=\"2012-09-12T14:53:47+02:00\" >12\/09\/2012<\/time><h3 class='av-magazine-title entry-title '  itemprop=\"headline\" ><a href='https:\/\/agustinfernandezpaz.gal\/en\/agua-de-beber-revista-clij\/' title='Link to: Agua de beber'>Agua de beber<\/a><\/h3><\/header><\/div><footer class=\"entry-footer\"><\/footer><\/article><article class='av-magazine-entry av-magazine-entry-id-5420 av-magazine-format-standard av-magazine-type-post av-magazine-entry-10 av-magazine-entry-small av-magazine-no-thumb'  itemscope=\"itemscope\" itemtype=\"https:\/\/schema.org\/CreativeWork\" ><div class=\"av-magazine-content-wrap\"><header class=\"entry-content-header\" aria-label=\"Post: Literatura que tam\u00e9n poden ler os nenos.\"><time class='av-magazine-time updated'  itemprop=\"datePublished\" datetime=\"2012-09-12T14:25:34+02:00\" >12\/09\/2012<\/time><h3 class='av-magazine-title entry-title '  itemprop=\"headline\" ><a href='https:\/\/agustinfernandezpaz.gal\/en\/literatura-que-tamen-poden-ler-os-nenos\/' title='Link to: Literatura que tam\u00e9n poden ler os nenos.'>Literatura que tam\u00e9n poden ler os nenos.<\/a><\/h3><\/header><\/div><footer class=\"entry-footer\"><\/footer><\/article><\/div><\/div><\/div>\n","protected":false},"excerpt":{"rendered":"","protected":false},"author":1,"featured_media":0,"parent":0,"menu_order":0,"comment_status":"closed","ping_status":"closed","template":"","meta":{"footnotes":""},"class_list":["post-5015","page","type-page","status-publish","hentry"],"_links":{"self":[{"href":"https:\/\/agustinfernandezpaz.gal\/en\/wp-json\/wp\/v2\/pages\/5015","targetHints":{"allow":["GET"]}}],"collection":[{"href":"https:\/\/agustinfernandezpaz.gal\/en\/wp-json\/wp\/v2\/pages"}],"about":[{"href":"https:\/\/agustinfernandezpaz.gal\/en\/wp-json\/wp\/v2\/types\/page"}],"author":[{"embeddable":true,"href":"https:\/\/agustinfernandezpaz.gal\/en\/wp-json\/wp\/v2\/users\/1"}],"replies":[{"embeddable":true,"href":"https:\/\/agustinfernandezpaz.gal\/en\/wp-json\/wp\/v2\/comments?post=5015"}],"version-history":[{"count":0,"href":"https:\/\/agustinfernandezpaz.gal\/en\/wp-json\/wp\/v2\/pages\/5015\/revisions"}],"wp:attachment":[{"href":"https:\/\/agustinfernandezpaz.gal\/en\/wp-json\/wp\/v2\/media?parent=5015"}],"curies":[{"name":"wp","href":"https:\/\/api.w.org\/{rel}","templated":true}]}}