{"id":17296,"date":"2012-09-13T16:57:51","date_gmt":"2012-09-13T14:57:51","guid":{"rendered":"https:\/\/agustinfernandezpaz.gal\/aviso-legal\/"},"modified":"2018-08-13T18:01:49","modified_gmt":"2018-08-13T16:01:49","slug":"legal-notice","status":"publish","type":"page","link":"https:\/\/agustinfernandezpaz.gal\/en\/legal-notice\/","title":{"rendered":"Legal Notice"},"content":{"rendered":"<h3>ACEPTACI\u00d3N DAS CONDICI\u00d3NS<\/h3>\n<p>Edici\u00f3ns Xerais de Galicia S.A. p\u00f3n a disposici\u00f3n dos seus usuarios neste sitio un conxunto de informaci\u00f3ns,cat\u00e1logos, arquivos e documentos as\u00ed como varios servicios dos que o seu uso est\u00e1 suxeito \u00e1s condici\u00f3nscontidas neste documento. O feito de acceder a este sitio implica que vostede acepta todas e cada unha dascondici\u00f3ns de utilizaci\u00f3n. Edici\u00f3ns Xerais de Galicia S.A. res\u00e9rvase o dereito a modificar periodicamenteestas condici\u00f3ns se as\u00ed o estima conveniente. O uso que vostede faga deste sitio sempre estar\u00e1 suxeito \u00e1sm\u00e1is recentes condici\u00f3ns de utilizaci\u00f3n que estean inclu\u00eddas no propio sitio no momento da s\u00faa utilizaci\u00f3n.O uso de calquera material ou servicio contido neste sitio realizarase de acordo coas normas e condici\u00f3ns espec\u00edficasde cada material ou servicio, ademais das normas contidas nestas condici\u00f3ns de utilizaci\u00f3n. O incumprimentode calquera das condici\u00f3ns de utilizaci\u00f3n implica o remate inmediato da s\u00faa autorizaci\u00f3n para utilizalo e aobriga de destru\u00edr calquera material que fose descargado ou impreso dende este sitio.<\/p>\n<h3>DEREITOS DE PROPIEDADE<\/h3>\n<p>Os materiais e servicios accesibles neste sitio est\u00e1n protexidos por copyright, dereitos de autor e propiedade,e\/ou polas normas legais que garanten a propiedade intelectual, de xeito que calquera uso non autorizado destesmateriais ou servicios pode supo\u00f1er unha violaci\u00f3ns destas leis. Ag\u00e1s polo aqu\u00ed indicado expresamente, ninEdici\u00f3ns Xerais de Galicia S.A. nin os seus proveedores garanten de xeito expl\u00edcito ou impl\u00edcito ning\u00fan dereitosobre calquera patente, copyrights, dereitos de marcas ou informaci\u00f3n de negocios confidencial con respecto aosmateriais ou servicios.<\/p>\n<h2>USO DA INFORMACI\u00d3N DO SITIO<\/h2>\n<p>Ag\u00e1s que se indique outra cousa nun lugar distinto deste sitio, est\u00e1 permitido ver, descargar e imprimir os documentos e a informaci\u00f3n dispo\u00f1ible sempre que se realice de acordo coas seguintes condici\u00f3ns:<\/p>\n<p>Non est\u00e1 permitido eliminar o copyright nin ning\u00fan outro aviso sobre a propiedade que estea contido nosdocumentos e informaci\u00f3n.Edici\u00f3ns Xerais de Galicia S.A. res\u00e9rvase o dereito a revocar en calquera momento a autorizaci\u00f3n para ver,descargar e imprimir os documentos e a informaci\u00f3n dispo\u00f1ible neste sitio, e o uso destes obxectos deixar\u00e1de ser accesible inmediatamente.<\/p>\n<p>Os dereitos especificados anteriormente de visualizaci\u00f3n, impresi\u00f3n e descarga dos documentos e informaci\u00f3n dispo\u00f1ibleneste sitio non son aplicables a s\u00faa maqueta nin dese\u00f1o. Todos os elementos deste sitio est\u00e1n protexidos polas leisrelativas ao dereito de propiedade e non poden ser copiados nin plaxiados nin en parte nin na s\u00faa totalidade.<\/p>\n<h3>GARANT\u00cdAS E LIMITACI\u00d3NS<\/h3>\n<p>Ag\u00e1s o que expresamente sinale un acordo escrito entre vostede e Edici\u00f3ns Xerais de Galicia S.A., ou que non sexaaplicable por lei, todos os materiais e servicios deste sitio son facilitados \u201ctal cal\u201d, sen garant\u00eda de ning\u00fan tipo,nin expl\u00edcita nin impl\u00edcita, inclu\u00edndo, pero non limitando, as garant\u00edas impl\u00edcitas de comerciabilidade,adecuaci\u00f3n a fins particulares ou non incumprimento.<\/p>\n<p>De xeito ilimitado, Edici\u00f3ns Xerais de Galicia S.A. non se fai responsable nin facilita garant\u00eda ningunha sobre: (i)que os servicios e productos satisfagan as s\u00faas necesidades (ii) que os servicios e materiais estean dispo\u00f1ibles seninterrupci\u00f3n, sexan oportunos, seguros, ou estean libres de erros (iii) que os resultados que poida obter do seu usosexan eficaces, exactos e precisos (iv) que a calidade de todos os productos e servicios obtidos neste esitio sexa aque vostede agarda.<\/p>\n<p>Este sitio pode conter erros t\u00e9cnicos ou doutro tipo, inexactitudes ou erros tipogr\u00e1ficos. Edici\u00f3ns Xerais de GaliciaS.A. poder\u00e1 realizar en calquera momento e sen previo aviso cambios nos materiais ou servicios deste sitio, inclu\u00edndoos prezos e a descripci\u00f3n dos productos aqu\u00ed contidos. Os materiais e servicios deste sitio poden non estar ao d\u00eda senque Edici\u00f3ns Xerais de Galicia asuma a obriga de mantelos actualizados.<\/p>\n<p>En caso ning\u00fan nin Edici\u00f3ns Xerais de Galicia S.A. nin os seus proveedores ser\u00e1n responsables diante de vostede outerceiras partes por calquera deterioro de calquera tipo, directo ou indirecto, especial, incidental, ou consecuente,inclu\u00edndo, pero non limitando, os danos resultantes da perda de datos ou beneficios, independente de que Edici\u00f3nsXerais de Galicia S.A. avisara ou non destes riscos na utilizaci\u00f3n dos productos ou servicios deste sitio, nin nosdoutras compa\u00f1\u00edas que aqu\u00ed se mencionen.<\/p>\n<p>A descarga de calquera material deste sitio real\u00edzase baixo a propia responsabilidade e risco do usuario, de xeitoque vostede acepta ser o \u00fanico responsable dos danos ou da perda de datos que poidan producirse no seu sistema inform\u00e1ticocomo resultado da descga ou adquisici\u00f3n destes materiais.<\/p>\n<p>Este sitio cont\u00e9n enlaces con sitios en Internet doutras compa\u00f1\u00edas que non se atopan baixo o control de Edici\u00f3nsXerais de Galicia S.A. e de Grupo Anaya S.A. Edici\u00f3ns Xerais de Galicia S.A. e Grupo Anaya S.A. non son responsablesdos outros sitios aos que vostede poida acceder dende o sitio www.xerais.es. Por isto, se vostede decide visitarestes sitios faino baixo o seu risco e responsabilidade, sen que Edici\u00f3ns Xerais de Galicia S.A. asuma responsabilidadeningunha pola seguridade ou exactitude de ningunha informaci\u00f3n, datos, opini\u00f3ns, consellos ou manifestaci\u00f3ns destes sitios,nin da calidade dos productos ou servicios que al\u00ed se ofrezan. Edici\u00f3ns Xerais de Galicia S.A. incl\u00fae os enlaces conestes sitios como un servicio pr\u00e1ctico, pero isto non implica de xeito ning\u00fan que Edici\u00f3ns Xerais de Galicia S.A.garanta ou acepte responsabilidade algunha en relaci\u00f3n co seu contido.<\/p>\n<p>&nbsp;<\/p>\n<h3>INFORMACI\u00d3NS CONFIDENCIAIS<\/h3>\n<p>Se desexa ter informaci\u00f3n sobre a protecci\u00f3n da s\u00faa informaci\u00f3n persoal, por favor visite a p\u00e1xina Pol\u00edtica de confidencialidade.<\/p>\n<h3>LEIS E DISPOSICI\u00d3NS APLICABLES<\/h3>\n<p>Este sitio de Edici\u00f3ns Xerais de Galicia S.A. (con exclusi\u00f3n dos seus enlaces) est\u00e1 controlado por Grupo Anaya S.A.que ten a s\u00faa sede no enderezo c\/Juan Ignacio Luca de Tena, 15 28027 Madrid (Espa\u00f1a), de xeito que, polo feito deacceder ao mesmo, vostede e Edici\u00f3ns Xerais de Galicia S.A. acordan que todos os asuntos relacionados co seu accesoe uso deste sitio sexan regulados pola lexislaci\u00f3n de Espa\u00f1a con exclusi\u00f3n de calquera outra normativa nacional ouinternacional. Todos os litixios relativos \u00e1s Condici\u00f3ns de utilizaci\u00f3n ser\u00e1n xulgadas polos tribunais competentesde Madrid, Espa\u00f1a. Edici\u00f3ns Xerais de Galicia S.A. res\u00e9rvase o dereito de exercer as acci\u00f3ns legais que estime oportunas.Edici\u00f3ns Xerais de Galicia S.A. non \u00e9 responsable de se os contidos do seu sitio www.xerais.es son apropiados ou est\u00e1ndispo\u00f1ibles para o seu uso noutros lugares, nin que se poida acceder a eles en lugares onde eses contidos sexan ilegaisou estean prohibidos. Aqueles que accedan a este sitio dende eses lugares fanno por propia iniciativa e s\u00f3 a elesincumbe respecto polas leis locais.<\/p>\n<h3>DEREITOS DE MARCA<\/h3>\n<p>As marcas e logotipos que aparecen neste sitio son propiedade de Edici\u00f3ns Xerais de Galicia S.A. ou de terceiras partes.Est\u00e1 prohibida a utilizaci\u00f3n destas marcas sen previa autorizaci\u00f3n escrita de Edici\u00f3ns Xerais de Galicia S.A. oudas terceiras partes propietarias das marcas.<\/p>\n<p>Copyright \u00a92012 Edici\u00f3ns Xerais de Galicia S.A<\/p>\n","protected":false},"excerpt":{"rendered":"<p>ACEPTACI\u00d3N DAS CONDICI\u00d3NS Edici\u00f3ns Xerais de Galicia S.A. p\u00f3n a disposici\u00f3n dos seus usuarios neste sitio un conxunto de informaci\u00f3ns,cat\u00e1logos, arquivos e documentos as\u00ed como varios servicios dos que o seu uso est\u00e1 suxeito \u00e1s condici\u00f3nscontidas neste documento. O feito de acceder a este sitio implica que vostede acepta todas e cada unha dascondici\u00f3ns de [&hellip;]<\/p>\n","protected":false},"author":1,"featured_media":0,"parent":0,"menu_order":0,"comment_status":"closed","ping_status":"closed","template":"","meta":{"footnotes":""},"class_list":["post-17296","page","type-page","status-publish","hentry"],"_links":{"self":[{"href":"https:\/\/agustinfernandezpaz.gal\/en\/wp-json\/wp\/v2\/pages\/17296","targetHints":{"allow":["GET"]}}],"collection":[{"href":"https:\/\/agustinfernandezpaz.gal\/en\/wp-json\/wp\/v2\/pages"}],"about":[{"href":"https:\/\/agustinfernandezpaz.gal\/en\/wp-json\/wp\/v2\/types\/page"}],"author":[{"embeddable":true,"href":"https:\/\/agustinfernandezpaz.gal\/en\/wp-json\/wp\/v2\/users\/1"}],"replies":[{"embeddable":true,"href":"https:\/\/agustinfernandezpaz.gal\/en\/wp-json\/wp\/v2\/comments?post=17296"}],"version-history":[{"count":0,"href":"https:\/\/agustinfernandezpaz.gal\/en\/wp-json\/wp\/v2\/pages\/17296\/revisions"}],"wp:attachment":[{"href":"https:\/\/agustinfernandezpaz.gal\/en\/wp-json\/wp\/v2\/media?parent=17296"}],"curies":[{"name":"wp","href":"https:\/\/api.w.org\/{rel}","templated":true}]}}